{"id":8529,"date":"2026-02-20T17:21:51","date_gmt":"2026-02-20T16:21:51","guid":{"rendered":"https:\/\/vrdanceclub.de\/?page_id=8529"},"modified":"2026-03-18T11:51:01","modified_gmt":"2026-03-18T10:51:01","slug":"the-future-is-us","status":"publish","type":"page","link":"https:\/\/vrdanceclub.de\/de\/the-future-is-us\/","title":{"rendered":"The Future Is Us"},"content":{"rendered":"<div class=\"wpb-content-wrapper\"><div class=\"vc-row-container container\"><div class=\"vc_row wpb_row vc_row-fluid\"><div class=\"wpb_column vc_column_container vc_col-sm-12\"><div class=\"vc_column-inner\"><div class=\"wpb_wrapper\"><h1 style=\"text-align: center\" class=\"vc_custom_heading vc_do_custom_heading\" >The Future Is Us<\/h1><div class=\"vc_empty_space\"   style=\"height: 80px\"><span class=\"vc_empty_space_inner\"><\/span><\/div><div class=\"vc_empty_space\"   style=\"height: 48px\"><span class=\"vc_empty_space_inner\"><\/span><\/div><div class=\"vc_row wpb_row vc_inner vc_row-fluid\"><div class=\"wpb_column vc_column_container vc_col-sm-12\"><div class=\"vc_column-inner\"><div class=\"wpb_wrapper\">\n\t<div  class=\"wpb_single_image wpb_content_element vc_align_right wpb_content_element\">\n\t\t\n\t\t<figure class=\"wpb_wrapper vc_figure\">\n\t\t\t<div class=\"vc_single_image-wrapper   vc_box_border_grey\"><img loading=\"lazy\" decoding=\"async\" width=\"2560\" height=\"1707\" src=\"https:\/\/vrdanceclub.de\/wp-content\/uploads\/2025\/12\/0X7A7130-Kopie-scaled.webp\" class=\"vc_single_image-img attachment-full not-transparent\" alt=\"\" title=\"0X7A7130_Foto: Alessandro De Matteis \u00a9 VR DANCE CLUB\" srcset=\"https:\/\/vrdanceclub.de\/wp-content\/uploads\/2025\/12\/0X7A7130-Kopie-scaled.webp 2560w, https:\/\/vrdanceclub.de\/wp-content\/uploads\/2025\/12\/0X7A7130-Kopie-300x200.webp 300w, https:\/\/vrdanceclub.de\/wp-content\/uploads\/2025\/12\/0X7A7130-Kopie-1024x683.webp 1024w, https:\/\/vrdanceclub.de\/wp-content\/uploads\/2025\/12\/0X7A7130-Kopie-768x512.webp 768w, https:\/\/vrdanceclub.de\/wp-content\/uploads\/2025\/12\/0X7A7130-Kopie-1536x1024.webp 1536w, https:\/\/vrdanceclub.de\/wp-content\/uploads\/2025\/12\/0X7A7130-Kopie-2048x1366.webp 2048w, https:\/\/vrdanceclub.de\/wp-content\/uploads\/2025\/12\/0X7A7130-Kopie-18x12.webp 18w, https:\/\/vrdanceclub.de\/wp-content\/uploads\/2025\/12\/0X7A7130-Kopie-1612x1075.webp 1612w, https:\/\/vrdanceclub.de\/wp-content\/uploads\/2025\/12\/0X7A7130-Kopie-1116x744.webp 1116w, https:\/\/vrdanceclub.de\/wp-content\/uploads\/2025\/12\/0X7A7130-Kopie-806x538.webp 806w, https:\/\/vrdanceclub.de\/wp-content\/uploads\/2025\/12\/0X7A7130-Kopie-558x372.webp 558w, https:\/\/vrdanceclub.de\/wp-content\/uploads\/2025\/12\/0X7A7130-Kopie-655x437.webp 655w, https:\/\/vrdanceclub.de\/wp-content\/uploads\/2025\/12\/0X7A7130-Kopie-scaled-600x400.webp 600w\" sizes=\"auto, (max-width: 2560px) 100vw, 2560px\" data-has-transparency=\"false\" data-dominant-color=\"322325\" style=\"--dominant-color: #322325;\" \/><\/div>\n\t\t<\/figure>\n\t<\/div>\n\n\t<div class=\"wpb_text_column wpb_content_element post-formatting\" >\n\t\t<div class=\"wpb_wrapper\">\n\t\t\t<p style=\"text-align: center;\">VR Dance Club feiert Urauff\u00fchrung mit \u201eThe Future Is Us\u201c \u2013 einer\ninteraktiven, partizipativen Audio-Tanz-Performance f\u00fcr jeweils 30\nBesucher:innen, die politische Haltungen, K\u00fcnstliche Intelligenz und die\nKonstruktion von Wirklichkeit k\u00fcnstlerisch erforscht. \u00dcber Kopfh\u00f6rer und in einem Kreislauf aus H\u00f6ren, Sehen, Bewegung und Positionierung\nbegegnen sich die Besucher:innen \u2013 ohne zu wissen, was die anderen\nantreibt.<br>\nTHIS IS US. Wir tanzen gemeinsam im Kreis und schlie\u00dfen dabei andere aus. Wir suchen Kontakt, doch unser Gegen\u00fcber weicht zur\u00fcck. Wir beobachten aus der Distanz und sind dennoch f\u00fcr alle sichtbar.<br> \nUS LOVES YOUR ENGAGEMENT. Was bedeutet das \u2013 sind wir verletzlich,\ndominant oder sicher und herausgehoben? <br>STAY WITH US.\nVideoprojektionen, Bewegungstracking und Live-Videografie schaffen eine reaktive Umgebung, die die Bewegungen allerin Echtzeit aufnimmt.\nDaraus entstehen neue Impulse, die \u00fcber KI-Sprachsynthese direkt in die Audiospuren zur\u00fcckgespielt werden \u2013 ein fortlaufender Prozess aus Input, Bewegung und Reaktion.<br> YOU FEED US. Eine medienchoreografische Performance \u00fcber Mechanismen politischer und sozialer Polarisierung: eine kollektive Begegnung inmitten verschiedener Realit\u00e4tsblasen. THE FUTURE IS US.<\/p>\n\n\t\t<\/div>\n\t<\/div>\n<\/div><\/div><\/div><\/div><\/div><\/div><\/div><\/div><\/div><div class=\"vc-row-container container\"><div class=\"vc_row wpb_row vc_row-fluid\"><div class=\"wpb_column vc_column_container vc_col-sm-12\"><div class=\"vc_column-inner\"><div class=\"wpb_wrapper\"><div class=\"vc_empty_space\"   style=\"height: 48px\"><span class=\"vc_empty_space_inner\"><\/span><\/div>\n\t<div class=\"wpb_raw_code wpb_raw_html wpb_content_element\" >\n\t\t<div class=\"wpb_wrapper\">\n\t\t\t<div style=\"padding:56.25% 0 0 0;position:relative;\"><iframe src=\"https:\/\/player.vimeo.com\/video\/1162484176?badge=0&amp;autopause=0&amp;player_id=0&amp;app_id=58479\" frameborder=\"0\" allow=\"autoplay; fullscreen; picture-in-picture; clipboard-write; encrypted-media; web-share\" referrerpolicy=\"strict-origin-when-cross-origin\" style=\"position:absolute;top:0;left:0;width:100%;height:100%;\" title=\"The Future Is Us - Premiere Invitation Trailer\"><\/iframe><\/div><script src=\"https:\/\/player.vimeo.com\/api\/player.js\"><\/script>\n\t\t<\/div>\n\t<\/div>\n<div class=\"vc_empty_space\"   style=\"height: 80px\"><span class=\"vc_empty_space_inner\"><\/span><\/div>\n\t<div class=\"wpb_text_column wpb_content_element post-formatting\" >\n\t\t<div class=\"wpb_wrapper\">\n\t\t\t<p style=\"text-align: center;\"><b>Credits<\/b><\/p>\n<p>&nbsp;<\/p>\n<p style=\"text-align: center;\">K\u00fcnstlerische Leitung, Choreografie &amp; Interaction Design: Anna-Carolin Weber &amp; Tobias Kopka<\/p>\n<p style=\"text-align: center;\">Dramaturgie: Ren\u00e9*e Reith<\/p>\n<p style=\"text-align: center;\">Text Entwicklung: Tobias Kopka, Helena Miko, Ren\u00e9*e Reith, Anna-Carolin Weber<\/p>\n<p style=\"text-align: center;\">Performance: Helena Miko, Phillip Dittmann, Ren\u00e9*e Reith, Anna-Carolin Weber<\/p>\n<p style=\"text-align: center;\">Lichtinstallation &amp; -design: Marlon Brodda<\/p>\n<p style=\"text-align: center;\">Live-Videographie: Alessandro De Matteis<\/p>\n<p style=\"text-align: center;\">K\u00fcnstlerische &amp; technische Unterst\u00fctzung: Phillip Dittmann, Max Kolb<\/p>\n<p style=\"text-align: center;\">Sound &amp; DJing: Philip K\u00fchn<\/p>\n<p style=\"text-align: center;\">Grafikdesign: Ines Glowania<\/p>\n<p style=\"text-align: center;\">Presse: Angela Vucko<\/p>\n<p style=\"text-align: center;\">Creative Coding, Sound, Videotracking in Zusammenarbeit mit Florencia Alonso, Fabian Bentrup, Laurin B\u00fcrmann, Lennart Melzer, Michael Nguyen (Koproduktionslabor Dortmund)<\/p>\n\n\t\t<\/div>\n\t<\/div>\n<div class=\"vc_empty_space\"   style=\"height: 48px\"><span class=\"vc_empty_space_inner\"><\/span><\/div>\n\t<div class=\"wpb_text_column wpb_content_element post-formatting\" >\n\t\t<div class=\"wpb_wrapper\">\n\t\t\t<p style=\"text-align: center;\"><b>F\u00f6rderung<\/b><\/p>\n<p>&nbsp;<\/p>\n<p style=\"text-align: center;\" class=\"translation-block\">Eine Produktion von VR Dance Club, koproduziert durch das\n<a href=\"https:\/\/colognegamelab.de\/\" target=\"_self\" class=\"\">Cologne Game Lab<\/a> (TH K\u00f6ln), <a href=\"https:\/\/tanzfaktur.eu\/\" target=\"_self\">TanzFaktur K\u00f6ln<\/a> und das <a href=\"https:\/\/www.koproduktionslabor.de\/\" target=\"_self\">Koproduktionslabor Dortmund<\/a>. Gef\u00f6rdert durch das Kulturamt der Stadt\nK\u00f6ln, das Ministerium f\u00fcr Kultur und Wissenschaft des Landes Nordrhein-Westfalen und das NRW Landesb\u00fcro Freie Darstellende K\u00fcnste. Unterst\u00fctzt durch das Kinder- und Jugendtheater (KJT) am Theater Dortmund und die <a href=\"https:\/\/theater.digital\/\" target=\"_blank\" rel=\"noopener\">Akademie f\u00fcr Theater and Digitalit\u00e4t Dortmund<\/a>.<\/p>\n\n\t\t<\/div>\n\t<\/div>\n<div class=\"vc_empty_space\"   style=\"height: 48px\"><span class=\"vc_empty_space_inner\"><\/span><\/div><\/div><\/div><\/div><\/div><\/div><div class=\"vc-row-container container\"><div class=\"vc_row wpb_row vc_row-fluid\"><div class=\"wpb_column vc_column_container vc_col-sm-12\"><div class=\"vc_column-inner\"><div class=\"wpb_wrapper\">\n\t<div  class=\"wpb_single_image wpb_content_element vc_align_center wpb_content_element vc_custom_1773826771374\">\n\t\t\n\t\t<figure class=\"wpb_wrapper vc_figure\">\n\t\t\t<div class=\"vc_single_image-wrapper   vc_box_border_grey\"><img loading=\"lazy\" decoding=\"async\" width=\"2560\" height=\"1708\" src=\"https:\/\/vrdanceclub.de\/wp-content\/uploads\/2025\/12\/0X7A5560-scaled.webp\" class=\"vc_single_image-img attachment-full not-transparent\" alt=\"\" title=\"0X7A5560\" srcset=\"https:\/\/vrdanceclub.de\/wp-content\/uploads\/2025\/12\/0X7A5560-scaled.webp 2560w, https:\/\/vrdanceclub.de\/wp-content\/uploads\/2025\/12\/0X7A5560-300x200.webp 300w, https:\/\/vrdanceclub.de\/wp-content\/uploads\/2025\/12\/0X7A5560-1024x683.webp 1024w, https:\/\/vrdanceclub.de\/wp-content\/uploads\/2025\/12\/0X7A5560-768x512.webp 768w, https:\/\/vrdanceclub.de\/wp-content\/uploads\/2025\/12\/0X7A5560-1536x1025.webp 1536w, https:\/\/vrdanceclub.de\/wp-content\/uploads\/2025\/12\/0X7A5560-2048x1366.webp 2048w, https:\/\/vrdanceclub.de\/wp-content\/uploads\/2025\/12\/0X7A5560-18x12.webp 18w, https:\/\/vrdanceclub.de\/wp-content\/uploads\/2025\/12\/0X7A5560-1612x1075.webp 1612w, https:\/\/vrdanceclub.de\/wp-content\/uploads\/2025\/12\/0X7A5560-1116x744.webp 1116w, https:\/\/vrdanceclub.de\/wp-content\/uploads\/2025\/12\/0X7A5560-806x538.webp 806w, https:\/\/vrdanceclub.de\/wp-content\/uploads\/2025\/12\/0X7A5560-558x372.webp 558w, https:\/\/vrdanceclub.de\/wp-content\/uploads\/2025\/12\/0X7A5560-655x437.webp 655w\" sizes=\"auto, (max-width: 2560px) 100vw, 2560px\" data-has-transparency=\"false\" data-dominant-color=\"8c76aa\" style=\"--dominant-color: #8c76aa;\" \/><\/div>\n\t\t<\/figure>\n\t<\/div>\n\n<div class=\"vc_grid-container-wrapper vc_clearfix vc_grid-animation-zoomIn\">\n\t<div class=\"vc_grid-container vc_clearfix wpb_content_element vc_masonry_media_grid vc_custom_1773827656186\" data-initial-loading-animation=\"zoomIn\" data-vc-grid-settings=\"{&quot;page_id&quot;:8529,&quot;style&quot;:&quot;all-masonry&quot;,&quot;action&quot;:&quot;vc_get_vc_grid_data&quot;,&quot;shortcode_id&quot;:&quot;1773827731952-13d1af03-f2da-4&quot;,&quot;tag&quot;:&quot;vc_masonry_media_grid&quot;}\" data-vc-request=\"https:\/\/vrdanceclub.de\/wp-admin\/admin-ajax.php\" data-vc-post-id=\"8529\" data-vc-public-nonce=\"bfcce32833\">\n\t\t\n\t<\/div>\n<\/div><\/div><\/div><\/div><\/div><\/div>\n<\/div>","protected":false},"excerpt":{"rendered":"The Future Is Us VR Dance Club presents \"The Future Is Us\" \u2013 an interactive, participatory audio dance performance for 30 visitors at a time, which artistically explores political attitudes, artificial intelligence and the construction of reality. Through headphones and in a cycle of hearing, seeing, movement and positioning, visitors encounter each other \u2013 without&hellip;","protected":false},"author":1,"featured_media":8469,"parent":0,"menu_order":0,"comment_status":"closed","ping_status":"closed","template":"","meta":{"_acf_changed":false,"footnotes":""},"class_list":["post-8529","page","type-page","status-publish","has-post-thumbnail","hentry"],"acf":[],"yoast_head":"<!-- This site is optimized with the Yoast SEO plugin v27.3 - https:\/\/yoast.com\/product\/yoast-seo-wordpress\/ -->\n<title>The Future Is Us - VR Dance Club<\/title>\n<meta name=\"description\" content=\"VR Dance Club pr\u00e4sentiert \u201eThe Future Is Us&quot; \u2013 eine interaktive, partizipative Audio-Tanz-Performance f\u00fcr jeweils 30 Besucher:innen, die politische Haltungen, K\u00fcnstliche Intelligenz und die Konstruktion von Wirklichkeit k\u00fcnstlerisch erforscht.\" \/>\n<meta name=\"robots\" content=\"index, follow, max-snippet:-1, max-image-preview:large, max-video-preview:-1\" \/>\n<link rel=\"canonical\" href=\"https:\/\/vrdanceclub.de\/de\/the-future-is-us\/\" \/>\n<meta property=\"og:locale\" content=\"de_DE\" \/>\n<meta property=\"og:type\" content=\"article\" \/>\n<meta property=\"og:title\" content=\"The Future Is Us - VR Dance Club\" \/>\n<meta property=\"og:description\" content=\"VR Dance Club pr\u00e4sentiert \u201eThe Future Is Us&quot; \u2013 eine interaktive, partizipative Audio-Tanz-Performance f\u00fcr jeweils 30 Besucher:innen, die politische Haltungen, K\u00fcnstliche Intelligenz und die Konstruktion von Wirklichkeit k\u00fcnstlerisch erforscht.\" \/>\n<meta property=\"og:url\" content=\"https:\/\/vrdanceclub.de\/de\/the-future-is-us\/\" \/>\n<meta property=\"og:site_name\" content=\"VR Dance Club\" \/>\n<meta property=\"article:modified_time\" content=\"2026-03-18T10:51:01+00:00\" \/>\n<meta property=\"og:image\" content=\"https:\/\/vrdanceclub.de\/wp-content\/uploads\/2025\/12\/0X7A7130-Kopie-scaled.webp\" \/>\n\t<meta property=\"og:image:width\" content=\"2560\" \/>\n\t<meta property=\"og:image:height\" content=\"1707\" \/>\n\t<meta property=\"og:image:type\" content=\"image\/jpeg\" \/>\n<meta name=\"twitter:card\" content=\"summary_large_image\" \/>\n<meta name=\"twitter:label1\" content=\"Gesch\u00e4tzte Lesezeit\" \/>\n\t<meta name=\"twitter:data1\" content=\"2\u00a0Minuten\" \/>\n<script type=\"application\/ld+json\" class=\"yoast-schema-graph\">{\"@context\":\"https:\\\/\\\/schema.org\",\"@graph\":[{\"@type\":\"WebPage\",\"@id\":\"https:\\\/\\\/vrdanceclub.de\\\/the-future-is-us\\\/\",\"url\":\"https:\\\/\\\/vrdanceclub.de\\\/the-future-is-us\\\/\",\"name\":\"The Future Is Us - VR Dance Club\",\"isPartOf\":{\"@id\":\"https:\\\/\\\/vrdanceclub.de\\\/de\\\/#website\"},\"primaryImageOfPage\":{\"@id\":\"https:\\\/\\\/vrdanceclub.de\\\/the-future-is-us\\\/#primaryimage\"},\"image\":{\"@id\":\"https:\\\/\\\/vrdanceclub.de\\\/the-future-is-us\\\/#primaryimage\"},\"thumbnailUrl\":\"https:\\\/\\\/vrdanceclub.de\\\/wp-content\\\/uploads\\\/2025\\\/12\\\/0X7A7130-Kopie-scaled.webp\",\"datePublished\":\"2026-02-20T16:21:51+00:00\",\"dateModified\":\"2026-03-18T10:51:01+00:00\",\"description\":\"VR Dance Club pr\u00e4sentiert \u201eThe Future Is Us\\\" \u2013 eine interaktive, partizipative Audio-Tanz-Performance f\u00fcr jeweils 30 Besucher:innen, die politische Haltungen, K\u00fcnstliche Intelligenz und die Konstruktion von Wirklichkeit k\u00fcnstlerisch erforscht.\",\"breadcrumb\":{\"@id\":\"https:\\\/\\\/vrdanceclub.de\\\/the-future-is-us\\\/#breadcrumb\"},\"inLanguage\":\"de\",\"potentialAction\":[{\"@type\":\"ReadAction\",\"target\":[\"https:\\\/\\\/vrdanceclub.de\\\/the-future-is-us\\\/\"]}]},{\"@type\":\"ImageObject\",\"inLanguage\":\"de\",\"@id\":\"https:\\\/\\\/vrdanceclub.de\\\/the-future-is-us\\\/#primaryimage\",\"url\":\"https:\\\/\\\/vrdanceclub.de\\\/wp-content\\\/uploads\\\/2025\\\/12\\\/0X7A7130-Kopie-scaled.webp\",\"contentUrl\":\"https:\\\/\\\/vrdanceclub.de\\\/wp-content\\\/uploads\\\/2025\\\/12\\\/0X7A7130-Kopie-scaled.webp\",\"width\":2560,\"height\":1707},{\"@type\":\"BreadcrumbList\",\"@id\":\"https:\\\/\\\/vrdanceclub.de\\\/the-future-is-us\\\/#breadcrumb\",\"itemListElement\":[{\"@type\":\"ListItem\",\"position\":1,\"name\":\"Home\",\"item\":\"https:\\\/\\\/vrdanceclub.de\\\/\"},{\"@type\":\"ListItem\",\"position\":2,\"name\":\"The Future Is Us\"}]},{\"@type\":\"WebSite\",\"@id\":\"https:\\\/\\\/vrdanceclub.de\\\/de\\\/#website\",\"url\":\"https:\\\/\\\/vrdanceclub.de\\\/de\\\/\",\"name\":\"VR Dance Club\",\"description\":\"Connecting Humans via Dance &amp; Technology\",\"publisher\":{\"@id\":\"https:\\\/\\\/vrdanceclub.de\\\/de\\\/#organization\"},\"alternateName\":\"VRDCL\",\"potentialAction\":[{\"@type\":\"SearchAction\",\"target\":{\"@type\":\"EntryPoint\",\"urlTemplate\":\"https:\\\/\\\/vrdanceclub.de\\\/de\\\/?s={search_term_string}\"},\"query-input\":{\"@type\":\"PropertyValueSpecification\",\"valueRequired\":true,\"valueName\":\"search_term_string\"}}],\"inLanguage\":\"de\"},{\"@type\":\"Organization\",\"@id\":\"https:\\\/\\\/vrdanceclub.de\\\/de\\\/#organization\",\"name\":\"VR Dance Club\",\"alternateName\":\"VRDCL\",\"url\":\"https:\\\/\\\/vrdanceclub.de\\\/de\\\/\",\"logo\":{\"@type\":\"ImageObject\",\"inLanguage\":\"de\",\"@id\":\"https:\\\/\\\/vrdanceclub.de\\\/de\\\/#\\\/schema\\\/logo\\\/image\\\/\",\"url\":\"https:\\\/\\\/vrdanceclub.de\\\/wp-content\\\/uploads\\\/2025\\\/07\\\/VRDanceClub_Logo_Final_Logo1_schwarz.svg\",\"contentUrl\":\"https:\\\/\\\/vrdanceclub.de\\\/wp-content\\\/uploads\\\/2025\\\/07\\\/VRDanceClub_Logo_Final_Logo1_schwarz.svg\",\"width\":226,\"height\":86,\"caption\":\"VR Dance Club\"},\"image\":{\"@id\":\"https:\\\/\\\/vrdanceclub.de\\\/de\\\/#\\\/schema\\\/logo\\\/image\\\/\"},\"sameAs\":[\"https:\\\/\\\/www.instagram.com\\\/vrdanceclub\\\/\"]}]}<\/script>\n<!-- \/ Yoast SEO plugin. -->","yoast_head_json":{"title":"The Future Is Us - VR Dance Club","description":"VR Dance Club pr\u00e4sentiert \u201eThe Future Is Us\" \u2013 eine interaktive, partizipative Audio-Tanz-Performance f\u00fcr jeweils 30 Besucher:innen, die politische Haltungen, K\u00fcnstliche Intelligenz und die Konstruktion von Wirklichkeit k\u00fcnstlerisch erforscht.","robots":{"index":"index","follow":"follow","max-snippet":"max-snippet:-1","max-image-preview":"max-image-preview:large","max-video-preview":"max-video-preview:-1"},"canonical":"https:\/\/vrdanceclub.de\/de\/the-future-is-us\/","og_locale":"de_DE","og_type":"article","og_title":"The Future Is Us - VR Dance Club","og_description":"VR Dance Club pr\u00e4sentiert \u201eThe Future Is Us\" \u2013 eine interaktive, partizipative Audio-Tanz-Performance f\u00fcr jeweils 30 Besucher:innen, die politische Haltungen, K\u00fcnstliche Intelligenz und die Konstruktion von Wirklichkeit k\u00fcnstlerisch erforscht.","og_url":"https:\/\/vrdanceclub.de\/de\/the-future-is-us\/","og_site_name":"VR Dance Club","article_modified_time":"2026-03-18T10:51:01+00:00","og_image":[{"width":2560,"height":1707,"url":"https:\/\/vrdanceclub.de\/wp-content\/uploads\/2025\/12\/0X7A7130-Kopie-scaled.webp","type":"image\/jpeg"}],"twitter_card":"summary_large_image","twitter_misc":{"Gesch\u00e4tzte Lesezeit":"2\u00a0Minuten"},"schema":{"@context":"https:\/\/schema.org","@graph":[{"@type":"WebPage","@id":"https:\/\/vrdanceclub.de\/the-future-is-us\/","url":"https:\/\/vrdanceclub.de\/the-future-is-us\/","name":"The Future Is Us - VR Dance Club","isPartOf":{"@id":"https:\/\/vrdanceclub.de\/de\/#website"},"primaryImageOfPage":{"@id":"https:\/\/vrdanceclub.de\/the-future-is-us\/#primaryimage"},"image":{"@id":"https:\/\/vrdanceclub.de\/the-future-is-us\/#primaryimage"},"thumbnailUrl":"https:\/\/vrdanceclub.de\/wp-content\/uploads\/2025\/12\/0X7A7130-Kopie-scaled.webp","datePublished":"2026-02-20T16:21:51+00:00","dateModified":"2026-03-18T10:51:01+00:00","description":"VR Dance Club pr\u00e4sentiert \u201eThe Future Is Us\" \u2013 eine interaktive, partizipative Audio-Tanz-Performance f\u00fcr jeweils 30 Besucher:innen, die politische Haltungen, K\u00fcnstliche Intelligenz und die Konstruktion von Wirklichkeit k\u00fcnstlerisch erforscht.","breadcrumb":{"@id":"https:\/\/vrdanceclub.de\/the-future-is-us\/#breadcrumb"},"inLanguage":"de","potentialAction":[{"@type":"ReadAction","target":["https:\/\/vrdanceclub.de\/the-future-is-us\/"]}]},{"@type":"ImageObject","inLanguage":"de","@id":"https:\/\/vrdanceclub.de\/the-future-is-us\/#primaryimage","url":"https:\/\/vrdanceclub.de\/wp-content\/uploads\/2025\/12\/0X7A7130-Kopie-scaled.webp","contentUrl":"https:\/\/vrdanceclub.de\/wp-content\/uploads\/2025\/12\/0X7A7130-Kopie-scaled.webp","width":2560,"height":1707},{"@type":"BreadcrumbList","@id":"https:\/\/vrdanceclub.de\/the-future-is-us\/#breadcrumb","itemListElement":[{"@type":"ListItem","position":1,"name":"Home","item":"https:\/\/vrdanceclub.de\/"},{"@type":"ListItem","position":2,"name":"The Future Is Us"}]},{"@type":"WebSite","@id":"https:\/\/vrdanceclub.de\/de\/#website","url":"https:\/\/vrdanceclub.de\/de\/","name":"VR Dance Club","description":"Connecting Humans via Dance &amp; Technology","publisher":{"@id":"https:\/\/vrdanceclub.de\/de\/#organization"},"alternateName":"VRDCL","potentialAction":[{"@type":"SearchAction","target":{"@type":"EntryPoint","urlTemplate":"https:\/\/vrdanceclub.de\/de\/?s={search_term_string}"},"query-input":{"@type":"PropertyValueSpecification","valueRequired":true,"valueName":"search_term_string"}}],"inLanguage":"de"},{"@type":"Organization","@id":"https:\/\/vrdanceclub.de\/de\/#organization","name":"VR Dance Club","alternateName":"VRDCL","url":"https:\/\/vrdanceclub.de\/de\/","logo":{"@type":"ImageObject","inLanguage":"de","@id":"https:\/\/vrdanceclub.de\/de\/#\/schema\/logo\/image\/","url":"https:\/\/vrdanceclub.de\/wp-content\/uploads\/2025\/07\/VRDanceClub_Logo_Final_Logo1_schwarz.svg","contentUrl":"https:\/\/vrdanceclub.de\/wp-content\/uploads\/2025\/07\/VRDanceClub_Logo_Final_Logo1_schwarz.svg","width":226,"height":86,"caption":"VR Dance Club"},"image":{"@id":"https:\/\/vrdanceclub.de\/de\/#\/schema\/logo\/image\/"},"sameAs":["https:\/\/www.instagram.com\/vrdanceclub\/"]}]}},"_links":{"self":[{"href":"https:\/\/vrdanceclub.de\/de\/wp-json\/wp\/v2\/pages\/8529","targetHints":{"allow":["GET"]}}],"collection":[{"href":"https:\/\/vrdanceclub.de\/de\/wp-json\/wp\/v2\/pages"}],"about":[{"href":"https:\/\/vrdanceclub.de\/de\/wp-json\/wp\/v2\/types\/page"}],"author":[{"embeddable":true,"href":"https:\/\/vrdanceclub.de\/de\/wp-json\/wp\/v2\/users\/1"}],"replies":[{"embeddable":true,"href":"https:\/\/vrdanceclub.de\/de\/wp-json\/wp\/v2\/comments?post=8529"}],"version-history":[{"count":3,"href":"https:\/\/vrdanceclub.de\/de\/wp-json\/wp\/v2\/pages\/8529\/revisions"}],"predecessor-version":[{"id":8582,"href":"https:\/\/vrdanceclub.de\/de\/wp-json\/wp\/v2\/pages\/8529\/revisions\/8582"}],"wp:featuredmedia":[{"embeddable":true,"href":"https:\/\/vrdanceclub.de\/de\/wp-json\/wp\/v2\/media\/8469"}],"wp:attachment":[{"href":"https:\/\/vrdanceclub.de\/de\/wp-json\/wp\/v2\/media?parent=8529"}],"curies":[{"name":"wp","href":"https:\/\/api.w.org\/{rel}","templated":true}]}}