{"id":8240,"date":"2025-10-31T08:38:34","date_gmt":"2025-10-31T07:38:34","guid":{"rendered":"https:\/\/vrdanceclub.de\/?page_id=8240"},"modified":"2026-03-18T11:25:19","modified_gmt":"2026-03-18T10:25:19","slug":"we-are-in-this-together","status":"publish","type":"page","link":"https:\/\/vrdanceclub.de\/de\/we-are-in-this-together\/","title":{"rendered":"We Are In This Together"},"content":{"rendered":"<div class=\"wpb-content-wrapper\"><div class=\"vc-row-container container\"><div class=\"vc_row wpb_row vc_row-fluid\"><div class=\"wpb_column vc_column_container vc_col-sm-12\"><div class=\"vc_column-inner\"><div class=\"wpb_wrapper\"><h1 style=\"text-align: center\" class=\"vc_custom_heading vc_do_custom_heading\" >We Are In This Together<\/h1><div class=\"vc_empty_space\"   style=\"height: 80px\"><span class=\"vc_empty_space_inner\"><\/span><\/div><div class=\"vc_empty_space\"   style=\"height: 48px\"><span class=\"vc_empty_space_inner\"><\/span><\/div><\/div><\/div><\/div><\/div><\/div><div class=\"vc-row-container container\"><div class=\"vc_row wpb_row vc_row-fluid\"><div class=\"wpb_column vc_column_container vc_col-sm-6\"><div class=\"vc_column-inner\"><div class=\"wpb_wrapper\">\n\t<div class=\"wpb_text_column wpb_content_element post-formatting\" >\n\t\t<div class=\"wpb_wrapper\">\n\t\t\t<p class=\"p2\">\u201eWe Are In This Together \u2013 Neue Empfindungen f\u00fcr Remote-Audiences in VR- und Tanz-Performances\u201d (2025\/2026) ist ein k\u00fcnstlerisches Forschungsprojekt zu Partizipation und Co-Kreation in hybriden R\u00e4umen. Im Projekt widmen sich Choreografin Anna-Carolin Weber und Interaktionsdesigner Tobias Kopka der (Un)M\u00f6glichkeit der digitalen Einbindung von Besucher*innen in einer hybriden und transmedialen Auff\u00fchrungspraxis. Dabei erforschen sie, wie Gaming-Prinzipien das Publikum mobilisieren und erfolgreich in die Auff\u00fchrungspraxis einbinden k\u00f6nnen \u2013 mit interaktiven Mitteln sollen die Zuschauer*innen in den Verlauf und die Bewegungsdynamik eingreifen und die Performance aktiv mitgestalten. Ziel ist es, dass die kollaborative Teilhabe das Remote-Publikum auf Augenh\u00f6he in das k\u00fcnstlerische Auff\u00fchrungsgeschehen integriert.<\/p>\n<p class=\"p2 translation-block\">Entworfen wurde das k\u00fcnstlerische Forschungsprojekt gemeinsam mit dem US-amerikanischen Experten f\u00fcr \u201ePlayful Interactive Media and Performance\u201c Richard Lemarchand. Lemard ist Professor f\u00fcr Game Design (USC, School of Cinematic Arts, Los Angeles) und ehemaliger Lead-Designer von Naughty Dog\u2019s <i>Uncharted<\/i>.<\/p>\n<p class=\"p2\">\u201eWe Are In This Together \u2013 Neue Empfindungen f\u00fcr Remote-Audiences in VR- und Tanz-Performances\u201d wird von der Kunststiftung NRW gef\u00f6rdert und kooperiert mit der Akademie f\u00fcr Theater und Digitalit\u00e4t (Dortmund), dem Cologne Game Lab der Technischen Hochschule K\u00f6ln und dem Spiel- und Produktionsort TanzFaktur (K\u00f6ln).<\/p>\n\n\t\t<\/div>\n\t<\/div>\n<\/div><\/div><\/div><div class=\"wpb_column vc_column_container vc_col-sm-6\"><div class=\"vc_column-inner\"><div class=\"wpb_wrapper\">\n\t<div  class=\"wpb_single_image wpb_content_element vc_align_right wpb_content_element\">\n\t\t\n\t\t<figure class=\"wpb_wrapper vc_figure\">\n\t\t\t<div class=\"vc_single_image-wrapper   vc_box_border_grey\"><img decoding=\"async\" class=\"vc_single_image-img\" src=\"https:\/\/vrdanceclub.de\/wp-content\/uploads\/2025\/10\/Adobe-Express-file-scaled-480x720.webp\" width=\"480\" height=\"720\" alt=\"We Are In This Together1\" title=\"We Are In This Together1\" loading=\"lazy\" \/><\/div>\n\t\t<\/figure>\n\t<\/div>\n<\/div><\/div><\/div><\/div><\/div><div class=\"vc-row-container container\"><div class=\"vc_row wpb_row vc_row-fluid\"><div class=\"wpb_column vc_column_container vc_col-sm-12\"><div class=\"vc_column-inner\"><div class=\"wpb_wrapper\"><div class=\"vc_empty_space\"   style=\"height: 80px\"><span class=\"vc_empty_space_inner\"><\/span><\/div><div class=\"vc_empty_space\"   style=\"height: 48px\"><span class=\"vc_empty_space_inner\"><\/span><\/div>\n\t<div class=\"wpb_text_column wpb_content_element post-formatting\" >\n\t\t<div class=\"wpb_wrapper\">\n\t\t\t<p style=\"text-align: center;\"><b>Credits<\/b><\/p>\n<p>&nbsp;<\/p>\n<p style=\"text-align: center;\">K\u00fcnstlerische Projektleitung: Anna-Carolin Weber &amp; Tobias Kopka<\/p>\n<p style=\"text-align: center;\">Konzeptionelle Zusammenarbeit &amp; Mentoring: Richard Lemarchand<\/p>\n<p style=\"text-align: center;\">K\u00fcnstlerische Kollaboration Performative Labore: Phillip Dittmann, Philip K\u00fchn, Max Kolb, Alessandro De Matteis, Helena Miko, Ren\u00e9*e Reith<\/p>\n\n\t\t<\/div>\n\t<\/div>\n<div class=\"vc_empty_space\"   style=\"height: 48px\"><span class=\"vc_empty_space_inner\"><\/span><\/div>\n\t<div class=\"wpb_text_column wpb_content_element post-formatting\" >\n\t\t<div class=\"wpb_wrapper\">\n\t\t\t<p style=\"text-align: center;\"><b>F\u00f6rderung<\/b><\/p>\n<p>&nbsp;<\/p>\n<p style=\"text-align: center;\">\u201eWe Are In This Together \u2013 Neue Empfindungen f\u00fcr Remote-Audiences in VR- und Tanz-Performances\u201d wird von der Kunststiftung NRW gef\u00f6rdert. Das k\u00fcnstlerische Forschungsprojekt findet in Kooperation mit der Akademie f\u00fcr Theater und Digitalit\u00e4t (Dortmund), dem Cologne Game Lab der Technischen Hochschule K\u00f6ln und der TanzFaktur (K\u00f6ln) statt.<\/p>\n\n\t\t<\/div>\n\t<\/div>\n<\/div><\/div><\/div><\/div><\/div>\n<\/div>","protected":false},"excerpt":{"rendered":"We Are In This Together \"We Are In This Together \u2013 New Sensations for Remote Audiences in VR and Dance Performances\" (2025\/2026) is an artistic research project on participation and co-creation in hybrid spaces. In the project, choreographer Anna-Carolin Weber and interaction designer Tobias Kopka explore the (im)possibility of digitally integrating visitors into a hybrid&hellip;","protected":false},"author":1,"featured_media":8226,"parent":0,"menu_order":0,"comment_status":"closed","ping_status":"closed","template":"","meta":{"_acf_changed":false,"footnotes":""},"class_list":["post-8240","page","type-page","status-publish","has-post-thumbnail","hentry"],"acf":[],"yoast_head":"<!-- This site is optimized with the Yoast SEO plugin v27.4 - https:\/\/yoast.com\/product\/yoast-seo-wordpress\/ -->\n<title>We Are In This Together - VR Dance Club<\/title>\n<meta name=\"description\" content=\"In ihrer von der Kunststiftung NRW gef\u00f6rderten k\u00fcnstlerischen Reche \u201eWe Are In This Together\u201c widmen sich die Choreografin Anna-Carolin Weber und der Interaktionsdesigner Tobias Kopka mit VR Dance Club der (Un)M\u00f6glichkeit der digitalen Einbindung von Besucher*innen in einer hybriden und transmedialen Auff\u00fchrungspraxis.\" \/>\n<meta name=\"robots\" content=\"index, follow, max-snippet:-1, max-image-preview:large, max-video-preview:-1\" \/>\n<link rel=\"canonical\" href=\"https:\/\/vrdanceclub.de\/de\/we-are-in-this-together\/\" \/>\n<meta property=\"og:locale\" content=\"de_DE\" \/>\n<meta property=\"og:type\" content=\"article\" \/>\n<meta property=\"og:title\" content=\"We Are In This Together - VR Dance Club\" \/>\n<meta property=\"og:description\" content=\"In ihrer von der Kunststiftung NRW gef\u00f6rderten k\u00fcnstlerischen Reche \u201eWe Are In This Together\u201c widmen sich die Choreografin Anna-Carolin Weber und der Interaktionsdesigner Tobias Kopka mit VR Dance Club der (Un)M\u00f6glichkeit der digitalen Einbindung von Besucher*innen in einer hybriden und transmedialen Auff\u00fchrungspraxis.\" \/>\n<meta property=\"og:url\" content=\"https:\/\/vrdanceclub.de\/de\/we-are-in-this-together\/\" \/>\n<meta property=\"og:site_name\" content=\"VR Dance Club\" \/>\n<meta property=\"article:modified_time\" content=\"2026-03-18T10:25:19+00:00\" \/>\n<meta property=\"og:image\" content=\"https:\/\/vrdanceclub.de\/wp-content\/uploads\/2025\/10\/Adobe-Express-file-scaled.webp\" \/>\n\t<meta property=\"og:image:width\" content=\"1707\" \/>\n\t<meta property=\"og:image:height\" content=\"2560\" \/>\n\t<meta property=\"og:image:type\" content=\"image\/jpeg\" \/>\n<meta name=\"twitter:card\" content=\"summary_large_image\" \/>\n<meta name=\"twitter:label1\" content=\"Gesch\u00e4tzte Lesezeit\" \/>\n\t<meta name=\"twitter:data1\" content=\"2\u00a0Minuten\" \/>\n<script type=\"application\/ld+json\" class=\"yoast-schema-graph\">{\"@context\":\"https:\\\/\\\/schema.org\",\"@graph\":[{\"@type\":\"WebPage\",\"@id\":\"https:\\\/\\\/vrdanceclub.de\\\/we-are-in-this-together\\\/\",\"url\":\"https:\\\/\\\/vrdanceclub.de\\\/we-are-in-this-together\\\/\",\"name\":\"We Are In This Together - VR Dance Club\",\"isPartOf\":{\"@id\":\"https:\\\/\\\/vrdanceclub.de\\\/de\\\/#website\"},\"primaryImageOfPage\":{\"@id\":\"https:\\\/\\\/vrdanceclub.de\\\/we-are-in-this-together\\\/#primaryimage\"},\"image\":{\"@id\":\"https:\\\/\\\/vrdanceclub.de\\\/we-are-in-this-together\\\/#primaryimage\"},\"thumbnailUrl\":\"https:\\\/\\\/vrdanceclub.de\\\/wp-content\\\/uploads\\\/2025\\\/10\\\/Adobe-Express-file-scaled.webp\",\"datePublished\":\"2025-10-31T07:38:34+00:00\",\"dateModified\":\"2026-03-18T10:25:19+00:00\",\"description\":\"In ihrer von der Kunststiftung NRW gef\u00f6rderten k\u00fcnstlerischen Reche \u201eWe Are In This Together\u201c widmen sich die Choreografin Anna-Carolin Weber und der Interaktionsdesigner Tobias Kopka mit VR Dance Club der (Un)M\u00f6glichkeit der digitalen Einbindung von Besucher*innen in einer hybriden und transmedialen Auff\u00fchrungspraxis.\",\"breadcrumb\":{\"@id\":\"https:\\\/\\\/vrdanceclub.de\\\/we-are-in-this-together\\\/#breadcrumb\"},\"inLanguage\":\"de\",\"potentialAction\":[{\"@type\":\"ReadAction\",\"target\":[\"https:\\\/\\\/vrdanceclub.de\\\/we-are-in-this-together\\\/\"]}]},{\"@type\":\"ImageObject\",\"inLanguage\":\"de\",\"@id\":\"https:\\\/\\\/vrdanceclub.de\\\/we-are-in-this-together\\\/#primaryimage\",\"url\":\"https:\\\/\\\/vrdanceclub.de\\\/wp-content\\\/uploads\\\/2025\\\/10\\\/Adobe-Express-file-scaled.webp\",\"contentUrl\":\"https:\\\/\\\/vrdanceclub.de\\\/wp-content\\\/uploads\\\/2025\\\/10\\\/Adobe-Express-file-scaled.webp\",\"width\":1707,\"height\":2560},{\"@type\":\"BreadcrumbList\",\"@id\":\"https:\\\/\\\/vrdanceclub.de\\\/we-are-in-this-together\\\/#breadcrumb\",\"itemListElement\":[{\"@type\":\"ListItem\",\"position\":1,\"name\":\"Home\",\"item\":\"https:\\\/\\\/vrdanceclub.de\\\/\"},{\"@type\":\"ListItem\",\"position\":2,\"name\":\"We Are In This Together\"}]},{\"@type\":\"WebSite\",\"@id\":\"https:\\\/\\\/vrdanceclub.de\\\/de\\\/#website\",\"url\":\"https:\\\/\\\/vrdanceclub.de\\\/de\\\/\",\"name\":\"VR Dance Club\",\"description\":\"Connecting Humans via Dance &amp; Technology\",\"publisher\":{\"@id\":\"https:\\\/\\\/vrdanceclub.de\\\/de\\\/#organization\"},\"alternateName\":\"VRDCL\",\"potentialAction\":[{\"@type\":\"SearchAction\",\"target\":{\"@type\":\"EntryPoint\",\"urlTemplate\":\"https:\\\/\\\/vrdanceclub.de\\\/de\\\/?s={search_term_string}\"},\"query-input\":{\"@type\":\"PropertyValueSpecification\",\"valueRequired\":true,\"valueName\":\"search_term_string\"}}],\"inLanguage\":\"de\"},{\"@type\":\"Organization\",\"@id\":\"https:\\\/\\\/vrdanceclub.de\\\/de\\\/#organization\",\"name\":\"VR Dance Club\",\"alternateName\":\"VRDCL\",\"url\":\"https:\\\/\\\/vrdanceclub.de\\\/de\\\/\",\"logo\":{\"@type\":\"ImageObject\",\"inLanguage\":\"de\",\"@id\":\"https:\\\/\\\/vrdanceclub.de\\\/de\\\/#\\\/schema\\\/logo\\\/image\\\/\",\"url\":\"https:\\\/\\\/vrdanceclub.de\\\/wp-content\\\/uploads\\\/2025\\\/07\\\/VRDanceClub_Logo_Final_Logo1_schwarz.svg\",\"contentUrl\":\"https:\\\/\\\/vrdanceclub.de\\\/wp-content\\\/uploads\\\/2025\\\/07\\\/VRDanceClub_Logo_Final_Logo1_schwarz.svg\",\"width\":226,\"height\":86,\"caption\":\"VR Dance Club\"},\"image\":{\"@id\":\"https:\\\/\\\/vrdanceclub.de\\\/de\\\/#\\\/schema\\\/logo\\\/image\\\/\"},\"sameAs\":[\"https:\\\/\\\/www.instagram.com\\\/vrdanceclub\\\/\"]}]}<\/script>\n<!-- \/ Yoast SEO plugin. -->","yoast_head_json":{"title":"We Are In This Together - VR Dance Club","description":"In ihrer von der Kunststiftung NRW gef\u00f6rderten k\u00fcnstlerischen Reche \u201eWe Are In This Together\u201c widmen sich die Choreografin Anna-Carolin Weber und der Interaktionsdesigner Tobias Kopka mit VR Dance Club der (Un)M\u00f6glichkeit der digitalen Einbindung von Besucher*innen in einer hybriden und transmedialen Auff\u00fchrungspraxis.","robots":{"index":"index","follow":"follow","max-snippet":"max-snippet:-1","max-image-preview":"max-image-preview:large","max-video-preview":"max-video-preview:-1"},"canonical":"https:\/\/vrdanceclub.de\/de\/we-are-in-this-together\/","og_locale":"de_DE","og_type":"article","og_title":"We Are In This Together - VR Dance Club","og_description":"In ihrer von der Kunststiftung NRW gef\u00f6rderten k\u00fcnstlerischen Reche \u201eWe Are In This Together\u201c widmen sich die Choreografin Anna-Carolin Weber und der Interaktionsdesigner Tobias Kopka mit VR Dance Club der (Un)M\u00f6glichkeit der digitalen Einbindung von Besucher*innen in einer hybriden und transmedialen Auff\u00fchrungspraxis.","og_url":"https:\/\/vrdanceclub.de\/de\/we-are-in-this-together\/","og_site_name":"VR Dance Club","article_modified_time":"2026-03-18T10:25:19+00:00","og_image":[{"width":1707,"height":2560,"url":"https:\/\/vrdanceclub.de\/wp-content\/uploads\/2025\/10\/Adobe-Express-file-scaled.webp","type":"image\/jpeg"}],"twitter_card":"summary_large_image","twitter_misc":{"Gesch\u00e4tzte Lesezeit":"2\u00a0Minuten"},"schema":{"@context":"https:\/\/schema.org","@graph":[{"@type":"WebPage","@id":"https:\/\/vrdanceclub.de\/we-are-in-this-together\/","url":"https:\/\/vrdanceclub.de\/we-are-in-this-together\/","name":"We Are In This Together - VR Dance Club","isPartOf":{"@id":"https:\/\/vrdanceclub.de\/de\/#website"},"primaryImageOfPage":{"@id":"https:\/\/vrdanceclub.de\/we-are-in-this-together\/#primaryimage"},"image":{"@id":"https:\/\/vrdanceclub.de\/we-are-in-this-together\/#primaryimage"},"thumbnailUrl":"https:\/\/vrdanceclub.de\/wp-content\/uploads\/2025\/10\/Adobe-Express-file-scaled.webp","datePublished":"2025-10-31T07:38:34+00:00","dateModified":"2026-03-18T10:25:19+00:00","description":"In ihrer von der Kunststiftung NRW gef\u00f6rderten k\u00fcnstlerischen Reche \u201eWe Are In This Together\u201c widmen sich die Choreografin Anna-Carolin Weber und der Interaktionsdesigner Tobias Kopka mit VR Dance Club der (Un)M\u00f6glichkeit der digitalen Einbindung von Besucher*innen in einer hybriden und transmedialen Auff\u00fchrungspraxis.","breadcrumb":{"@id":"https:\/\/vrdanceclub.de\/we-are-in-this-together\/#breadcrumb"},"inLanguage":"de","potentialAction":[{"@type":"ReadAction","target":["https:\/\/vrdanceclub.de\/we-are-in-this-together\/"]}]},{"@type":"ImageObject","inLanguage":"de","@id":"https:\/\/vrdanceclub.de\/we-are-in-this-together\/#primaryimage","url":"https:\/\/vrdanceclub.de\/wp-content\/uploads\/2025\/10\/Adobe-Express-file-scaled.webp","contentUrl":"https:\/\/vrdanceclub.de\/wp-content\/uploads\/2025\/10\/Adobe-Express-file-scaled.webp","width":1707,"height":2560},{"@type":"BreadcrumbList","@id":"https:\/\/vrdanceclub.de\/we-are-in-this-together\/#breadcrumb","itemListElement":[{"@type":"ListItem","position":1,"name":"Home","item":"https:\/\/vrdanceclub.de\/"},{"@type":"ListItem","position":2,"name":"We Are In This Together"}]},{"@type":"WebSite","@id":"https:\/\/vrdanceclub.de\/de\/#website","url":"https:\/\/vrdanceclub.de\/de\/","name":"VR Dance Club","description":"Connecting Humans via Dance &amp; Technology","publisher":{"@id":"https:\/\/vrdanceclub.de\/de\/#organization"},"alternateName":"VRDCL","potentialAction":[{"@type":"SearchAction","target":{"@type":"EntryPoint","urlTemplate":"https:\/\/vrdanceclub.de\/de\/?s={search_term_string}"},"query-input":{"@type":"PropertyValueSpecification","valueRequired":true,"valueName":"search_term_string"}}],"inLanguage":"de"},{"@type":"Organization","@id":"https:\/\/vrdanceclub.de\/de\/#organization","name":"VR Dance Club","alternateName":"VRDCL","url":"https:\/\/vrdanceclub.de\/de\/","logo":{"@type":"ImageObject","inLanguage":"de","@id":"https:\/\/vrdanceclub.de\/de\/#\/schema\/logo\/image\/","url":"https:\/\/vrdanceclub.de\/wp-content\/uploads\/2025\/07\/VRDanceClub_Logo_Final_Logo1_schwarz.svg","contentUrl":"https:\/\/vrdanceclub.de\/wp-content\/uploads\/2025\/07\/VRDanceClub_Logo_Final_Logo1_schwarz.svg","width":226,"height":86,"caption":"VR Dance Club"},"image":{"@id":"https:\/\/vrdanceclub.de\/de\/#\/schema\/logo\/image\/"},"sameAs":["https:\/\/www.instagram.com\/vrdanceclub\/"]}]}},"_links":{"self":[{"href":"https:\/\/vrdanceclub.de\/de\/wp-json\/wp\/v2\/pages\/8240","targetHints":{"allow":["GET"]}}],"collection":[{"href":"https:\/\/vrdanceclub.de\/de\/wp-json\/wp\/v2\/pages"}],"about":[{"href":"https:\/\/vrdanceclub.de\/de\/wp-json\/wp\/v2\/types\/page"}],"author":[{"embeddable":true,"href":"https:\/\/vrdanceclub.de\/de\/wp-json\/wp\/v2\/users\/1"}],"replies":[{"embeddable":true,"href":"https:\/\/vrdanceclub.de\/de\/wp-json\/wp\/v2\/comments?post=8240"}],"version-history":[{"count":4,"href":"https:\/\/vrdanceclub.de\/de\/wp-json\/wp\/v2\/pages\/8240\/revisions"}],"predecessor-version":[{"id":8578,"href":"https:\/\/vrdanceclub.de\/de\/wp-json\/wp\/v2\/pages\/8240\/revisions\/8578"}],"wp:featuredmedia":[{"embeddable":true,"href":"https:\/\/vrdanceclub.de\/de\/wp-json\/wp\/v2\/media\/8226"}],"wp:attachment":[{"href":"https:\/\/vrdanceclub.de\/de\/wp-json\/wp\/v2\/media?parent=8240"}],"curies":[{"name":"wp","href":"https:\/\/api.w.org\/{rel}","templated":true}]}}