{"id":6817,"date":"2024-01-13T11:30:31","date_gmt":"2024-01-13T10:30:31","guid":{"rendered":"http:\/\/vrdanceclub.de\/?page_id=6817"},"modified":"2026-03-18T11:21:37","modified_gmt":"2026-03-18T10:21:37","slug":"hybrid-encounters","status":"publish","type":"page","link":"https:\/\/vrdanceclub.de\/de\/hybrid-encounters\/","title":{"rendered":"Hybrid Encounters"},"content":{"rendered":"<div class=\"wpb-content-wrapper\"><div class=\"vc-row-container container\"><div class=\"vc_row wpb_row vc_row-fluid\"><div class=\"wpb_column vc_column_container vc_col-sm-12\"><div class=\"vc_column-inner\"><div class=\"wpb_wrapper\"><h1 style=\"text-align: center\" class=\"vc_custom_heading vc_do_custom_heading\" >Hybrid Encounters<\/h1><div class=\"vc_empty_space\"   style=\"height: 80px\"><span class=\"vc_empty_space_inner\"><\/span><\/div><\/div><\/div><\/div><\/div><\/div><div class=\"vc-row-container container\"><div class=\"vc_row wpb_row vc_row-fluid\"><div class=\"wpb_column vc_column_container vc_col-sm-12\"><div class=\"vc_column-inner\"><div class=\"wpb_wrapper\">\n\t<div class=\"wpb_text_column wpb_content_element post-formatting\" >\n\t\t<div class=\"wpb_wrapper\">\n\t\t\t<p style=\"text-align: center;\"><strong>\u201eHybrid Encounters \u2013 A Virtual Reality Dance Experience\u201c (2024)<\/strong><\/p>\n<p>&nbsp;<\/p>\n<p style=\"text-align: center;\"><span style=\"font-weight: 400;\"><em>Hybrid Encounters<\/em> schl\u00e4gt eine Br\u00fccke zwischen Archiv, Performance und Ausstellung. Mit dem Aufsetzen des VR-Headsets \u00f6ffnet sich die T\u00fcr zu \u00fcber 235 Tanzbegegnungen. Diese wurden als 3D-Partituren von Performances in ganz Deutschland gesammelt und als virtuelle Tanzskulpturen archiviert. In <em>Hybrid Encounters<\/em> sind die Besucher eingeladen, ausgew\u00e4hlte Partituren in VR r\u00e4umlich zu erleben, zu begehen und t\u00e4nzerisch zu verk\u00f6rpern.\u00a0<\/span><\/p>\n<p class=\"p1\" style=\"text-align: center;\"><em>Unsichtbare Skulpturen und virtuelle Bewegungsspuren vergangener Tanzduette werden nach und nach durch die verk\u00f6rperten Bewegungen zweier Besucher*innen sichtbar, die sich im Foyer des HAU2 in Berlin versammelt haben, um an der VR-Tanzerfahrung Hybrid Encounters teilzunehmen. Als Beobachterin wechselt meine Aufmerksamkeit zwischen den beiden hin und her, die mich mit ihren konzentrierten Bewegungen und flie\u00dfenden Gesten in ihren Bann ziehen. Ein Teilnehmer tr\u00e4gt eine VR-Brille und wechselt nahtlos zwischen ausladenden, r\u00e4umlichen Schritten und flie\u00dfenden, schlangenartigen Armbewegungen auf der markierten Tanzfl\u00e4che. Die zweite Besucherin begleitet diesen Tanz, indem sie auf Papier skizziert \u2013 dabei jedoch nie direkt auf ihre Zeichnung schaut. Stattdessen bleibt ihr Blick auf die Bewegungen ihres Partners fixiert. Die Dynamik der Gesten der tanzenden Person schwingt sichtbar in der rechten Hand der zeichnenden Besucherin mit und f\u00fcllt das Papier mit durchgehenden, m\u00e4andernden Linien, die sich allm\u00e4hlich mit kurzen, schnellen Strichen \u00fcberlagern. Ich schlie\u00dfe f\u00fcr einen Moment die Augen und h\u00f6re nur das leise Quietschen einer Schuhsohle, die \u00fcber den Boden gleitet, vielleicht eine Drehung, dann folgt eine pl\u00f6tzliche Stille, in der ich deutlich das leise Kratzen des Filzstiftes h\u00f6re. Als ich die Augen wieder \u00f6ffne, liegt die zuvor tanzende Person auf dem R\u00fccken, die Arme nach oben gestreckt. Seine Finger zeichnen zarte Umrisse in die Luft.<\/em><\/p>\n<p class=\"p1 translation-block\" style=\"text-align: center;\">Die j\u00fcngste Arbeit der Trilogie bringt Archiv, Performance und Ausstellung zu einem immersiven Format zusammen. Mehr als 235 digitale Bewegungsskulpturen, die w\u00e4hrend fr\u00fcherer <i>I Spy With My Little Eye<\/i> Duette aufgenommen wurden, bilden das lebendige Archiv, auf dem die VR Experience basiert. In Theaterfoyers, Galerier\u00e4umen und auf Festivals werden die Besucher*innen mit VR-Headsets und Kopfh\u00f6rern ausgestattet und betreten eine dunkle, ansonsten unsichtbare Umgebung, in der sie von leuchtenden, schwebenden Skulpturen umgeben sind. \u00dcber einen Zeitraum von 12-15 Minuten erkunden, ber\u00fchren und verk\u00f6rpern sie auf diese Skulpturen in Bewegung und schaffen jeweils neue Begegnungen.<\/p>\n\n\t\t<\/div>\n\t<\/div>\n<div class=\"vc_empty_space\"   style=\"height: 48px\"><span class=\"vc_empty_space_inner\"><\/span><\/div><\/div><\/div><\/div><\/div><\/div><div class=\"vc-row-container container\"><div class=\"vc_row wpb_row vc_row-fluid\"><div class=\"wpb_column vc_column_container vc_col-sm-12\"><div class=\"vc_column-inner\"><div class=\"wpb_wrapper\">\n\t<div class=\"wpb_raw_code wpb_raw_html wpb_content_element\" >\n\t\t<div class=\"wpb_wrapper\">\n\t\t\t<div style=\"padding:56.25% 0 0 0;position:relative;\"><iframe src=\"https:\/\/player.vimeo.com\/video\/888184150?h=cd304518ac&title=0&byline=0&portrait=0\" style=\"position:absolute;top:0;left:0;width:100%;height:100%;\" frameborder=\"0\" allow=\"autoplay; fullscreen; picture-in-picture\" allowfullscreen><\/iframe><\/div><script src=\"https:\/\/player.vimeo.com\/api\/player.js\"><\/script>\n\t\t<\/div>\n\t<\/div>\n<div class=\"vc_empty_space\"   style=\"height: 48px\"><span class=\"vc_empty_space_inner\"><\/span><\/div><\/div><\/div><\/div><\/div><\/div><div class=\"vc-row-container container\"><div class=\"vc_row wpb_row vc_row-fluid\"><div class=\"wpb_column vc_column_container vc_col-sm-12\"><div class=\"vc_column-inner\"><div class=\"wpb_wrapper\">\n\t<div class=\"wpb_text_column wpb_content_element post-formatting\" >\n\t\t<div class=\"wpb_wrapper\">\n\t\t\t<p style=\"text-align: center;\"><span style=\"font-weight: 400;\"><strong>Performances<\/strong><\/span><\/p>\n<p>&nbsp;<\/p>\n<p style=\"text-align: center;\"><span style=\"font-weight: 400;\">January, 17th &amp; 18th 2024 \u2013\u00a0<\/span><span style=\"font-weight: 400;\">HAU Berlin<\/span><\/p>\n<p>&nbsp;<\/p>\n<p style=\"text-align: center;\"><span style=\"font-weight: 400;\">October, 4th 2024 \u2013\u00a0<\/span><span style=\"font-weight: 400;\">Festival der darstellenden K\u00fcnste, Freihandelszone K\u00f6ln<\/span><\/p>\n<p>&nbsp;<\/p>\n<p style=\"text-align: center;\"><span style=\"font-weight: 400;\">May, 9th 2025 \u2013\u00a0<\/span><span style=\"font-weight: 400;\">KoLAB Days \u201eDance Machine\u201d, Digitales Koproduktionslabor Dortmund<\/span><\/p>\n<p>&nbsp;<\/p>\n<p style=\"text-align: center;\"><span style=\"font-weight: 400;\">June, 5th 2025 \u2013\u00a0<\/span><span style=\"font-weight: 400;\">Akademie f\u00fcr Theater und Digitalit\u00e4t, Dortmund<\/span><\/p>\n\n\t\t<\/div>\n\t<\/div>\n<div class=\"vc_empty_space\"   style=\"height: 48px\"><span class=\"vc_empty_space_inner\"><\/span><\/div><\/div><\/div><\/div><\/div><\/div><div class=\"vc-row-container container\"><div class=\"vc_row wpb_row vc_row-fluid\"><div class=\"wpb_column vc_column_container vc_col-sm-12\"><div class=\"vc_column-inner\"><div class=\"wpb_wrapper\">\n<div class=\"vc_grid-container-wrapper vc_clearfix vc_grid-animation-zoomIn\">\n\t<div class=\"vc_grid-container vc_clearfix wpb_content_element vc_masonry_media_grid\" data-initial-loading-animation=\"zoomIn\" data-vc-grid-settings=\"{&quot;page_id&quot;:6817,&quot;style&quot;:&quot;all-masonry&quot;,&quot;action&quot;:&quot;vc_get_vc_grid_data&quot;,&quot;shortcode_id&quot;:&quot;1773829271531-8bc5bb96-aaab-2&quot;,&quot;tag&quot;:&quot;vc_masonry_media_grid&quot;}\" data-vc-request=\"https:\/\/vrdanceclub.de\/wp-admin\/admin-ajax.php\" data-vc-post-id=\"6817\" data-vc-public-nonce=\"05fd69de92\">\n\t\t\n\t<\/div>\n<\/div><div class=\"vc_empty_space\"   style=\"height: 48px\"><span class=\"vc_empty_space_inner\"><\/span><\/div><\/div><\/div><\/div><\/div><\/div><div class=\"vc-row-container container\"><div class=\"vc_row wpb_row vc_row-fluid\"><div class=\"wpb_column vc_column_container vc_col-sm-12\"><div class=\"vc_column-inner\"><div class=\"wpb_wrapper\">\n\t<div class=\"wpb_text_column wpb_content_element post-formatting\" >\n\t\t<div class=\"wpb_wrapper\">\n\t\t\t<p style=\"text-align: center;\"><strong>Credits<\/strong><\/p>\n<p>&nbsp;<\/p>\n<p style=\"text-align: center;\"><span style=\"font-weight: 400;\">K\u00fcnstlerische Leitung: Anna-Carolin Weber in Zusammenarbeit mit Tobias Kopka<\/span><\/p>\n<p style=\"text-align: center;\"><span style=\"font-weight: 400;\">Dramaturgie: Ren\u00e9*e Reith\u00a0<\/span><\/p>\n<p style=\"text-align: center;\">Soundgestaltung &amp; DJing: Philip K\u00fchn, Max Kolb<\/p>\n<p style=\"text-align: center;\">Facilitation: Phillip Dittmann, Tobias Kopka, Anna-Carolin Weber<\/p>\n<p style=\"text-align: center;\"><span style=\"font-weight: 400;\">K\u00fcnstlerische Kollaboration: Helena Miko, Max Kolb, Philip K\u00fchn, Jasper Gather, Marlon Brodda, Paul F\u00f6rster, Phillip Dittmann, Alessandro De Matteis\u00a0<\/span><\/p>\n<p>&nbsp;<\/p>\n<p style=\"text-align: center;\">With Kind Support Of<br \/>\ntanz:digital\/Dachverband Tanz Deutschland, Freihandelszone K\u00f6ln, Dance-Residency Program Quartier Am Hafen, Tanztheater Schlebusch and Curatomic.<\/p>\n\n\t\t<\/div>\n\t<\/div>\n<div class=\"vc_empty_space\"   style=\"height: 48px\"><span class=\"vc_empty_space_inner\"><\/span><\/div>\n<div class=\"vc_grid-container-wrapper vc_clearfix vc_grid-animation-zoomIn\">\n\t<div class=\"vc_grid-container vc_clearfix wpb_content_element vc_masonry_media_grid\" data-initial-loading-animation=\"zoomIn\" data-vc-grid-settings=\"{&quot;page_id&quot;:6817,&quot;style&quot;:&quot;all-masonry&quot;,&quot;action&quot;:&quot;vc_get_vc_grid_data&quot;,&quot;shortcode_id&quot;:&quot;1773829271535-e045cc22-08ea-9&quot;,&quot;tag&quot;:&quot;vc_masonry_media_grid&quot;}\" data-vc-request=\"https:\/\/vrdanceclub.de\/wp-admin\/admin-ajax.php\" data-vc-post-id=\"6817\" data-vc-public-nonce=\"05fd69de92\">\n\t\t\n\t<\/div>\n<\/div><\/div><\/div><\/div><\/div><\/div>\n<\/div>","protected":false},"excerpt":{"rendered":"Hybrid Encounters \"Hybrid Encounters \u2013 A Virtual Reality Dance Experience\" (2024) &nbsp; Hybrid Encounters builds a bridge between archive, performance and exhibition. Putting on the VR headset opens the door to over 235 dance encounters. These were collected throughout Germany as 3-D scores of performances and are archived as virtual dance sculptures. In Hybrid Encounters&hellip;","protected":false},"author":1,"featured_media":7819,"parent":0,"menu_order":0,"comment_status":"closed","ping_status":"closed","template":"","meta":{"_acf_changed":false,"footnotes":""},"class_list":["post-6817","page","type-page","status-publish","has-post-thumbnail","hentry"],"acf":[],"yoast_head":"<!-- This site is optimized with the Yoast SEO plugin v27.3 - https:\/\/yoast.com\/product\/yoast-seo-wordpress\/ -->\n<title>Hybrid Encounters - VR Dance Club<\/title>\n<meta name=\"description\" content=\"Hybrid Encounters builds a bridge between archive, performance and exhibition. Putting on the VR headset opens the door to over 235 dance encounters. These were collected throughout Germany as 3-D scores of performances and are archived as virtual dance sculptures. In Hybrid Encounters visitors are invited to experience selected scores spatially in VR, to walk through them and to embody them through dance.\" \/>\n<meta name=\"robots\" content=\"index, follow, max-snippet:-1, max-image-preview:large, max-video-preview:-1\" \/>\n<link rel=\"canonical\" href=\"https:\/\/vrdanceclub.de\/de\/hybrid-encounters\/\" \/>\n<meta property=\"og:locale\" content=\"de_DE\" \/>\n<meta property=\"og:type\" content=\"article\" \/>\n<meta property=\"og:title\" content=\"Hybrid Encounters - VR Dance Club\" \/>\n<meta property=\"og:description\" content=\"Hybrid Encounters builds a bridge between archive, performance and exhibition. Putting on the VR headset opens the door to over 235 dance encounters. These were collected throughout Germany as 3-D scores of performances and are archived as virtual dance sculptures. In Hybrid Encounters visitors are invited to experience selected scores spatially in VR, to walk through them and to embody them through dance.\" \/>\n<meta property=\"og:url\" content=\"https:\/\/vrdanceclub.de\/de\/hybrid-encounters\/\" \/>\n<meta property=\"og:site_name\" content=\"VR Dance Club\" \/>\n<meta property=\"article:modified_time\" content=\"2026-03-18T10:21:37+00:00\" \/>\n<meta property=\"og:image\" content=\"https:\/\/vrdanceclub.de\/wp-content\/uploads\/2025\/02\/IMG_20241005_000303-scaled.jpg\" \/>\n\t<meta property=\"og:image:width\" content=\"1920\" \/>\n\t<meta property=\"og:image:height\" content=\"2560\" \/>\n\t<meta property=\"og:image:type\" content=\"image\/jpeg\" \/>\n<meta name=\"twitter:card\" content=\"summary_large_image\" \/>\n<meta name=\"twitter:label1\" content=\"Gesch\u00e4tzte Lesezeit\" \/>\n\t<meta name=\"twitter:data1\" content=\"4\u00a0Minuten\" \/>\n<script type=\"application\/ld+json\" class=\"yoast-schema-graph\">{\"@context\":\"https:\\\/\\\/schema.org\",\"@graph\":[{\"@type\":\"WebPage\",\"@id\":\"https:\\\/\\\/vrdanceclub.de\\\/hybrid-encounters\\\/\",\"url\":\"https:\\\/\\\/vrdanceclub.de\\\/hybrid-encounters\\\/\",\"name\":\"Hybrid Encounters - VR Dance Club\",\"isPartOf\":{\"@id\":\"https:\\\/\\\/vrdanceclub.de\\\/de\\\/#website\"},\"primaryImageOfPage\":{\"@id\":\"https:\\\/\\\/vrdanceclub.de\\\/hybrid-encounters\\\/#primaryimage\"},\"image\":{\"@id\":\"https:\\\/\\\/vrdanceclub.de\\\/hybrid-encounters\\\/#primaryimage\"},\"thumbnailUrl\":\"https:\\\/\\\/vrdanceclub.de\\\/wp-content\\\/uploads\\\/2025\\\/02\\\/IMG_20241005_000303-scaled.jpg\",\"datePublished\":\"2024-01-13T10:30:31+00:00\",\"dateModified\":\"2026-03-18T10:21:37+00:00\",\"description\":\"Hybrid Encounters builds a bridge between archive, performance and exhibition. Putting on the VR headset opens the door to over 235 dance encounters. These were collected throughout Germany as 3-D scores of performances and are archived as virtual dance sculptures. In Hybrid Encounters visitors are invited to experience selected scores spatially in VR, to walk through them and to embody them through dance.\",\"breadcrumb\":{\"@id\":\"https:\\\/\\\/vrdanceclub.de\\\/hybrid-encounters\\\/#breadcrumb\"},\"inLanguage\":\"de\",\"potentialAction\":[{\"@type\":\"ReadAction\",\"target\":[\"https:\\\/\\\/vrdanceclub.de\\\/hybrid-encounters\\\/\"]}]},{\"@type\":\"ImageObject\",\"inLanguage\":\"de\",\"@id\":\"https:\\\/\\\/vrdanceclub.de\\\/hybrid-encounters\\\/#primaryimage\",\"url\":\"https:\\\/\\\/vrdanceclub.de\\\/wp-content\\\/uploads\\\/2025\\\/02\\\/IMG_20241005_000303-scaled.jpg\",\"contentUrl\":\"https:\\\/\\\/vrdanceclub.de\\\/wp-content\\\/uploads\\\/2025\\\/02\\\/IMG_20241005_000303-scaled.jpg\",\"width\":1920,\"height\":2560},{\"@type\":\"BreadcrumbList\",\"@id\":\"https:\\\/\\\/vrdanceclub.de\\\/hybrid-encounters\\\/#breadcrumb\",\"itemListElement\":[{\"@type\":\"ListItem\",\"position\":1,\"name\":\"Home\",\"item\":\"https:\\\/\\\/vrdanceclub.de\\\/\"},{\"@type\":\"ListItem\",\"position\":2,\"name\":\"Hybrid Encounters\"}]},{\"@type\":\"WebSite\",\"@id\":\"https:\\\/\\\/vrdanceclub.de\\\/de\\\/#website\",\"url\":\"https:\\\/\\\/vrdanceclub.de\\\/de\\\/\",\"name\":\"VR Dance Club\",\"description\":\"Connecting Humans via Dance &amp; Technology\",\"publisher\":{\"@id\":\"https:\\\/\\\/vrdanceclub.de\\\/de\\\/#organization\"},\"alternateName\":\"VRDCL\",\"potentialAction\":[{\"@type\":\"SearchAction\",\"target\":{\"@type\":\"EntryPoint\",\"urlTemplate\":\"https:\\\/\\\/vrdanceclub.de\\\/de\\\/?s={search_term_string}\"},\"query-input\":{\"@type\":\"PropertyValueSpecification\",\"valueRequired\":true,\"valueName\":\"search_term_string\"}}],\"inLanguage\":\"de\"},{\"@type\":\"Organization\",\"@id\":\"https:\\\/\\\/vrdanceclub.de\\\/de\\\/#organization\",\"name\":\"VR Dance Club\",\"alternateName\":\"VRDCL\",\"url\":\"https:\\\/\\\/vrdanceclub.de\\\/de\\\/\",\"logo\":{\"@type\":\"ImageObject\",\"inLanguage\":\"de\",\"@id\":\"https:\\\/\\\/vrdanceclub.de\\\/de\\\/#\\\/schema\\\/logo\\\/image\\\/\",\"url\":\"https:\\\/\\\/vrdanceclub.de\\\/wp-content\\\/uploads\\\/2025\\\/07\\\/VRDanceClub_Logo_Final_Logo1_schwarz.svg\",\"contentUrl\":\"https:\\\/\\\/vrdanceclub.de\\\/wp-content\\\/uploads\\\/2025\\\/07\\\/VRDanceClub_Logo_Final_Logo1_schwarz.svg\",\"width\":226,\"height\":86,\"caption\":\"VR Dance Club\"},\"image\":{\"@id\":\"https:\\\/\\\/vrdanceclub.de\\\/de\\\/#\\\/schema\\\/logo\\\/image\\\/\"},\"sameAs\":[\"https:\\\/\\\/www.instagram.com\\\/vrdanceclub\\\/\"]}]}<\/script>\n<!-- \/ Yoast SEO plugin. -->","yoast_head_json":{"title":"Hybrid Encounters - VR Dance Club","description":"Hybrid Encounters builds a bridge between archive, performance and exhibition. Putting on the VR headset opens the door to over 235 dance encounters. These were collected throughout Germany as 3-D scores of performances and are archived as virtual dance sculptures. In Hybrid Encounters visitors are invited to experience selected scores spatially in VR, to walk through them and to embody them through dance.","robots":{"index":"index","follow":"follow","max-snippet":"max-snippet:-1","max-image-preview":"max-image-preview:large","max-video-preview":"max-video-preview:-1"},"canonical":"https:\/\/vrdanceclub.de\/de\/hybrid-encounters\/","og_locale":"de_DE","og_type":"article","og_title":"Hybrid Encounters - VR Dance Club","og_description":"Hybrid Encounters builds a bridge between archive, performance and exhibition. Putting on the VR headset opens the door to over 235 dance encounters. These were collected throughout Germany as 3-D scores of performances and are archived as virtual dance sculptures. In Hybrid Encounters visitors are invited to experience selected scores spatially in VR, to walk through them and to embody them through dance.","og_url":"https:\/\/vrdanceclub.de\/de\/hybrid-encounters\/","og_site_name":"VR Dance Club","article_modified_time":"2026-03-18T10:21:37+00:00","og_image":[{"width":1920,"height":2560,"url":"https:\/\/vrdanceclub.de\/wp-content\/uploads\/2025\/02\/IMG_20241005_000303-scaled.jpg","type":"image\/jpeg"}],"twitter_card":"summary_large_image","twitter_misc":{"Gesch\u00e4tzte Lesezeit":"4\u00a0Minuten"},"schema":{"@context":"https:\/\/schema.org","@graph":[{"@type":"WebPage","@id":"https:\/\/vrdanceclub.de\/hybrid-encounters\/","url":"https:\/\/vrdanceclub.de\/hybrid-encounters\/","name":"Hybrid Encounters - VR Dance Club","isPartOf":{"@id":"https:\/\/vrdanceclub.de\/de\/#website"},"primaryImageOfPage":{"@id":"https:\/\/vrdanceclub.de\/hybrid-encounters\/#primaryimage"},"image":{"@id":"https:\/\/vrdanceclub.de\/hybrid-encounters\/#primaryimage"},"thumbnailUrl":"https:\/\/vrdanceclub.de\/wp-content\/uploads\/2025\/02\/IMG_20241005_000303-scaled.jpg","datePublished":"2024-01-13T10:30:31+00:00","dateModified":"2026-03-18T10:21:37+00:00","description":"Hybrid Encounters builds a bridge between archive, performance and exhibition. Putting on the VR headset opens the door to over 235 dance encounters. These were collected throughout Germany as 3-D scores of performances and are archived as virtual dance sculptures. In Hybrid Encounters visitors are invited to experience selected scores spatially in VR, to walk through them and to embody them through dance.","breadcrumb":{"@id":"https:\/\/vrdanceclub.de\/hybrid-encounters\/#breadcrumb"},"inLanguage":"de","potentialAction":[{"@type":"ReadAction","target":["https:\/\/vrdanceclub.de\/hybrid-encounters\/"]}]},{"@type":"ImageObject","inLanguage":"de","@id":"https:\/\/vrdanceclub.de\/hybrid-encounters\/#primaryimage","url":"https:\/\/vrdanceclub.de\/wp-content\/uploads\/2025\/02\/IMG_20241005_000303-scaled.jpg","contentUrl":"https:\/\/vrdanceclub.de\/wp-content\/uploads\/2025\/02\/IMG_20241005_000303-scaled.jpg","width":1920,"height":2560},{"@type":"BreadcrumbList","@id":"https:\/\/vrdanceclub.de\/hybrid-encounters\/#breadcrumb","itemListElement":[{"@type":"ListItem","position":1,"name":"Home","item":"https:\/\/vrdanceclub.de\/"},{"@type":"ListItem","position":2,"name":"Hybrid Encounters"}]},{"@type":"WebSite","@id":"https:\/\/vrdanceclub.de\/de\/#website","url":"https:\/\/vrdanceclub.de\/de\/","name":"VR Dance Club","description":"Connecting Humans via Dance &amp; Technology","publisher":{"@id":"https:\/\/vrdanceclub.de\/de\/#organization"},"alternateName":"VRDCL","potentialAction":[{"@type":"SearchAction","target":{"@type":"EntryPoint","urlTemplate":"https:\/\/vrdanceclub.de\/de\/?s={search_term_string}"},"query-input":{"@type":"PropertyValueSpecification","valueRequired":true,"valueName":"search_term_string"}}],"inLanguage":"de"},{"@type":"Organization","@id":"https:\/\/vrdanceclub.de\/de\/#organization","name":"VR Dance Club","alternateName":"VRDCL","url":"https:\/\/vrdanceclub.de\/de\/","logo":{"@type":"ImageObject","inLanguage":"de","@id":"https:\/\/vrdanceclub.de\/de\/#\/schema\/logo\/image\/","url":"https:\/\/vrdanceclub.de\/wp-content\/uploads\/2025\/07\/VRDanceClub_Logo_Final_Logo1_schwarz.svg","contentUrl":"https:\/\/vrdanceclub.de\/wp-content\/uploads\/2025\/07\/VRDanceClub_Logo_Final_Logo1_schwarz.svg","width":226,"height":86,"caption":"VR Dance Club"},"image":{"@id":"https:\/\/vrdanceclub.de\/de\/#\/schema\/logo\/image\/"},"sameAs":["https:\/\/www.instagram.com\/vrdanceclub\/"]}]}},"_links":{"self":[{"href":"https:\/\/vrdanceclub.de\/de\/wp-json\/wp\/v2\/pages\/6817","targetHints":{"allow":["GET"]}}],"collection":[{"href":"https:\/\/vrdanceclub.de\/de\/wp-json\/wp\/v2\/pages"}],"about":[{"href":"https:\/\/vrdanceclub.de\/de\/wp-json\/wp\/v2\/types\/page"}],"author":[{"embeddable":true,"href":"https:\/\/vrdanceclub.de\/de\/wp-json\/wp\/v2\/users\/1"}],"replies":[{"embeddable":true,"href":"https:\/\/vrdanceclub.de\/de\/wp-json\/wp\/v2\/comments?post=6817"}],"version-history":[{"count":4,"href":"https:\/\/vrdanceclub.de\/de\/wp-json\/wp\/v2\/pages\/6817\/revisions"}],"predecessor-version":[{"id":8575,"href":"https:\/\/vrdanceclub.de\/de\/wp-json\/wp\/v2\/pages\/6817\/revisions\/8575"}],"wp:featuredmedia":[{"embeddable":true,"href":"https:\/\/vrdanceclub.de\/de\/wp-json\/wp\/v2\/media\/7819"}],"wp:attachment":[{"href":"https:\/\/vrdanceclub.de\/de\/wp-json\/wp\/v2\/media?parent=6817"}],"curies":[{"name":"wp","href":"https:\/\/api.w.org\/{rel}","templated":true}]}}