{"id":6077,"date":"2023-10-18T21:58:44","date_gmt":"2023-10-18T19:58:44","guid":{"rendered":"http:\/\/movebor.eu\/?page_id=6077"},"modified":"2026-03-18T11:27:28","modified_gmt":"2026-03-18T10:27:28","slug":"resonance","status":"publish","type":"page","link":"https:\/\/vrdanceclub.de\/de\/resonance\/","title":{"rendered":"Resonance"},"content":{"rendered":"<div class=\"wpb-content-wrapper\"><div class=\"vc-row-container container\"><div class=\"vc_row wpb_row vc_row-fluid\"><div class=\"wpb_column vc_column_container vc_col-sm-12\"><div class=\"vc_column-inner\"><div class=\"wpb_wrapper\"><h1 style=\"text-align: center\" class=\"vc_custom_heading vc_do_custom_heading\" >Resonance<\/h1><div class=\"vc_empty_space\"   style=\"height: 80px\"><span class=\"vc_empty_space_inner\"><\/span><\/div><\/div><\/div><\/div><\/div><\/div><div class=\"vc-row-container container\"><div class=\"vc_row wpb_row vc_row-fluid\"><div class=\"wpb_column vc_column_container vc_col-sm-12\"><div class=\"vc_column-inner\"><div class=\"wpb_wrapper\">\n<div class=\"vc_grid-container-wrapper vc_clearfix vc_grid-animation-fadeIn\">\n\t<div class=\"vc_grid-container vc_clearfix wpb_content_element vc_media_grid\" data-initial-loading-animation=\"fadeIn\" data-vc-grid-settings=\"{&quot;page_id&quot;:6077,&quot;style&quot;:&quot;all&quot;,&quot;action&quot;:&quot;vc_get_vc_grid_data&quot;,&quot;shortcode_id&quot;:&quot;1773829620383-41efffea-11a2-5&quot;,&quot;tag&quot;:&quot;vc_media_grid&quot;}\" data-vc-request=\"https:\/\/vrdanceclub.de\/wp-admin\/admin-ajax.php\" data-vc-post-id=\"6077\" data-vc-public-nonce=\"05fd69de92\">\n\t\t\n\t<\/div>\n<\/div><\/div><\/div><\/div><\/div><\/div><div class=\"vc-row-container container\"><div class=\"vc_row wpb_row vc_row-fluid\"><div class=\"wpb_column vc_column_container vc_col-sm-12\"><div class=\"vc_column-inner\"><div class=\"wpb_wrapper\"><div class=\"vc_empty_space\"   style=\"height: 48px\"><span class=\"vc_empty_space_inner\"><\/span><\/div>\n\t<div class=\"wpb_text_column wpb_content_element post-formatting\" >\n\t\t<div class=\"wpb_wrapper\">\n\t\t\t<p style=\"text-align: center;\">\u201eHi hi, I just wanted to say how much i enjoyed the experience! I found the invitation to move so simple and welcoming for myself and also for the other people i saw participating. I also really enjoyed seeing the traces of movement. It\u2019s a really unique experience to get a sense of dance and movement in that way, i found myself connecting memories to lines and thinking about intention, memory, data, collectivity usw. Best wishes for the next iteration! Greets.\u201c<\/p>\n<p>&nbsp;<\/p>\n<p style=\"text-align: center;\">\u201eThree dimensions compressed to two. A semi-private public journey. Surprisingly easy to connect kinetically.\u201c<\/p>\n<p>&nbsp;<\/p>\n<p class=\"p1\" style=\"text-align: center;\">&#8220;Letting your fingers dance with someone at the moment is so enjoyable. At the same time the feeling of documenting what is happening in front of you on the paper is a very new experience for me. Dancing = Loosing awareness about my body for some minutes was like therapy. Having an audience but totally forgetting about their existence was peaceful. And having a competitive game with those lines was so childish and innocent.&#8221;<\/p>\n\n\t\t<\/div>\n\t<\/div>\n<div class=\"vc_empty_space\"   style=\"height: 48px\"><span class=\"vc_empty_space_inner\"><\/span><\/div><\/div><\/div><\/div><\/div><\/div><div class=\"vc-row-container container\"><div class=\"vc_row wpb_row vc_row-fluid\"><div class=\"wpb_column vc_column_container vc_col-sm-12\"><div class=\"vc_column-inner\"><div class=\"wpb_wrapper\">\n<div class=\"vc_grid-container-wrapper vc_clearfix vc_grid-animation-fadeIn\">\n\t<div class=\"vc_grid-container vc_clearfix wpb_content_element vc_media_grid\" data-initial-loading-animation=\"fadeIn\" data-vc-grid-settings=\"{&quot;page_id&quot;:6077,&quot;style&quot;:&quot;all&quot;,&quot;action&quot;:&quot;vc_get_vc_grid_data&quot;,&quot;shortcode_id&quot;:&quot;1773829620387-ac5de190-d390-7&quot;,&quot;tag&quot;:&quot;vc_media_grid&quot;}\" data-vc-request=\"https:\/\/vrdanceclub.de\/wp-admin\/admin-ajax.php\" data-vc-post-id=\"6077\" data-vc-public-nonce=\"05fd69de92\">\n\t\t\n\t<\/div>\n<\/div><\/div><\/div><\/div><\/div><\/div><div class=\"vc-row-container container\"><div class=\"vc_row wpb_row vc_row-fluid\"><div class=\"wpb_column vc_column_container vc_col-sm-12\"><div class=\"vc_column-inner\"><div class=\"wpb_wrapper\"><div class=\"vc_empty_space\"   style=\"height: 48px\"><span class=\"vc_empty_space_inner\"><\/span><\/div>\n\t<div class=\"wpb_text_column wpb_content_element post-formatting\" >\n\t\t<div class=\"wpb_wrapper\">\n\t\t\t<p style=\"text-align: center;\">Mehr als 250 Feedback-Briefe von Besucher:innen sind im Anschluss an die Mixed-Reality Performances \u201eI SPY WITH MY LITTLE EYE \u2013 Duette f\u00fcr einen Kopf und zwei H\u00e4nde\u201c (2022), \u201eBEAUTIFUL CONNECTION: A Social Performance Training\u201c (2023) und \u201eHYBRID ENCOUNTERS \u2013 A VR Dance Experience\u201c (2024) eingetroffen \u2013 mit \u00fcberaus positive Resonanz. Da das Feedback der Besucher:innen als unverzichtbarer Bestandteil des Auff\u00fchrungsdialogs gilt, ist die M\u00f6glichkeit, R\u00fcckmeldungen zu geben, fest in das Konzept jeder Performance integriert. Dabei haben alle Besucher:innen die Freiheit, ein schriftliches, anonymes Feedback zu hinterlassen \u2013 oder darauf zu verzichten. Bislang haben rund 90% der Teilnehmenden in \u00fcber 300 Auff\u00fchrungen einen Feedback-Brief hinterlassen.<\/p>\n\n\t\t<\/div>\n\t<\/div>\n<div class=\"vc_empty_space\"   style=\"height: 48px\"><span class=\"vc_empty_space_inner\"><\/span><\/div><\/div><\/div><\/div><\/div><\/div>\n<\/div>","protected":false},"excerpt":{"rendered":"Resonance \"Hi hi, I just wanted to say how much i enjoyed the experience! I found the invitation to move so simple and welcoming for myself and also for the other people i saw participating. I also really enjoyed seeing the traces of movement. It\u2019s a really unique experience to get a sense of dance&hellip;","protected":false},"author":1,"featured_media":0,"parent":0,"menu_order":0,"comment_status":"closed","ping_status":"closed","template":"","meta":{"_acf_changed":false,"footnotes":""},"class_list":["post-6077","page","type-page","status-publish","hentry"],"acf":[],"yoast_head":"<!-- This site is optimized with the Yoast SEO plugin v27.3 - https:\/\/yoast.com\/product\/yoast-seo-wordpress\/ -->\n<title>Resonance - VR Dance Club<\/title>\n<meta name=\"description\" content=\"The response to the mixed reality works &quot;I SPY WITH MY LITTLE EYE - Duets for One Head and Two Hands&quot; (2022), &quot;BEAUTIFUL CONNECTION: A Social Performance Training&quot; (2023) and &quot;HYBRID ENCOUNTERS \u2013 A VR Dance Experience&quot; has been remarkable, with over 250 feedback letters received from visitors.\" \/>\n<meta name=\"robots\" content=\"index, follow, max-snippet:-1, max-image-preview:large, max-video-preview:-1\" \/>\n<link rel=\"canonical\" href=\"https:\/\/vrdanceclub.de\/de\/resonance\/\" \/>\n<meta property=\"og:locale\" content=\"de_DE\" \/>\n<meta property=\"og:type\" content=\"article\" \/>\n<meta property=\"og:title\" content=\"Resonance - VR Dance Club\" \/>\n<meta property=\"og:description\" content=\"The response to the mixed reality works &quot;I SPY WITH MY LITTLE EYE - Duets for One Head and Two Hands&quot; (2022), &quot;BEAUTIFUL CONNECTION: A Social Performance Training&quot; (2023) and &quot;HYBRID ENCOUNTERS \u2013 A VR Dance Experience&quot; has been remarkable, with over 250 feedback letters received from visitors.\" \/>\n<meta property=\"og:url\" content=\"https:\/\/vrdanceclub.de\/de\/resonance\/\" \/>\n<meta property=\"og:site_name\" content=\"VR Dance Club\" \/>\n<meta property=\"article:modified_time\" content=\"2026-03-18T10:27:28+00:00\" \/>\n<meta property=\"og:image\" content=\"https:\/\/vrdanceclub.de\/wp-content\/uploads\/2025\/06\/0X7A3821-Verbessert-NR-scaled.jpg\" \/>\n\t<meta property=\"og:image:width\" content=\"2560\" \/>\n\t<meta property=\"og:image:height\" content=\"1707\" \/>\n\t<meta property=\"og:image:type\" content=\"image\/jpeg\" \/>\n<meta name=\"twitter:card\" content=\"summary_large_image\" \/>\n<meta name=\"twitter:label1\" content=\"Gesch\u00e4tzte Lesezeit\" \/>\n\t<meta name=\"twitter:data1\" content=\"3\u00a0Minuten\" \/>\n<script type=\"application\/ld+json\" class=\"yoast-schema-graph\">{\"@context\":\"https:\\\/\\\/schema.org\",\"@graph\":[{\"@type\":\"WebPage\",\"@id\":\"https:\\\/\\\/vrdanceclub.de\\\/resonance\\\/\",\"url\":\"https:\\\/\\\/vrdanceclub.de\\\/resonance\\\/\",\"name\":\"Resonance - VR Dance Club\",\"isPartOf\":{\"@id\":\"https:\\\/\\\/vrdanceclub.de\\\/de\\\/#website\"},\"datePublished\":\"2023-10-18T19:58:44+00:00\",\"dateModified\":\"2026-03-18T10:27:28+00:00\",\"description\":\"The response to the mixed reality works \\\"I SPY WITH MY LITTLE EYE - Duets for One Head and Two Hands\\\" (2022), \\\"BEAUTIFUL CONNECTION: A Social Performance Training\\\" (2023) and \\\"HYBRID ENCOUNTERS \u2013 A VR Dance Experience\\\" has been remarkable, with over 250 feedback letters received from visitors.\",\"breadcrumb\":{\"@id\":\"https:\\\/\\\/vrdanceclub.de\\\/resonance\\\/#breadcrumb\"},\"inLanguage\":\"de\",\"potentialAction\":[{\"@type\":\"ReadAction\",\"target\":[\"https:\\\/\\\/vrdanceclub.de\\\/resonance\\\/\"]}]},{\"@type\":\"BreadcrumbList\",\"@id\":\"https:\\\/\\\/vrdanceclub.de\\\/resonance\\\/#breadcrumb\",\"itemListElement\":[{\"@type\":\"ListItem\",\"position\":1,\"name\":\"Home\",\"item\":\"https:\\\/\\\/vrdanceclub.de\\\/\"},{\"@type\":\"ListItem\",\"position\":2,\"name\":\"Resonance\"}]},{\"@type\":\"WebSite\",\"@id\":\"https:\\\/\\\/vrdanceclub.de\\\/de\\\/#website\",\"url\":\"https:\\\/\\\/vrdanceclub.de\\\/de\\\/\",\"name\":\"VR Dance Club\",\"description\":\"Connecting Humans via Dance &amp; Technology\",\"publisher\":{\"@id\":\"https:\\\/\\\/vrdanceclub.de\\\/de\\\/#organization\"},\"alternateName\":\"VRDCL\",\"potentialAction\":[{\"@type\":\"SearchAction\",\"target\":{\"@type\":\"EntryPoint\",\"urlTemplate\":\"https:\\\/\\\/vrdanceclub.de\\\/de\\\/?s={search_term_string}\"},\"query-input\":{\"@type\":\"PropertyValueSpecification\",\"valueRequired\":true,\"valueName\":\"search_term_string\"}}],\"inLanguage\":\"de\"},{\"@type\":\"Organization\",\"@id\":\"https:\\\/\\\/vrdanceclub.de\\\/de\\\/#organization\",\"name\":\"VR Dance Club\",\"alternateName\":\"VRDCL\",\"url\":\"https:\\\/\\\/vrdanceclub.de\\\/de\\\/\",\"logo\":{\"@type\":\"ImageObject\",\"inLanguage\":\"de\",\"@id\":\"https:\\\/\\\/vrdanceclub.de\\\/de\\\/#\\\/schema\\\/logo\\\/image\\\/\",\"url\":\"https:\\\/\\\/vrdanceclub.de\\\/wp-content\\\/uploads\\\/2025\\\/07\\\/VRDanceClub_Logo_Final_Logo1_schwarz.svg\",\"contentUrl\":\"https:\\\/\\\/vrdanceclub.de\\\/wp-content\\\/uploads\\\/2025\\\/07\\\/VRDanceClub_Logo_Final_Logo1_schwarz.svg\",\"width\":226,\"height\":86,\"caption\":\"VR Dance Club\"},\"image\":{\"@id\":\"https:\\\/\\\/vrdanceclub.de\\\/de\\\/#\\\/schema\\\/logo\\\/image\\\/\"},\"sameAs\":[\"https:\\\/\\\/www.instagram.com\\\/vrdanceclub\\\/\"]}]}<\/script>\n<!-- \/ Yoast SEO plugin. -->","yoast_head_json":{"title":"Resonance - VR Dance Club","description":"The response to the mixed reality works \"I SPY WITH MY LITTLE EYE - Duets for One Head and Two Hands\" (2022), \"BEAUTIFUL CONNECTION: A Social Performance Training\" (2023) and \"HYBRID ENCOUNTERS \u2013 A VR Dance Experience\" has been remarkable, with over 250 feedback letters received from visitors.","robots":{"index":"index","follow":"follow","max-snippet":"max-snippet:-1","max-image-preview":"max-image-preview:large","max-video-preview":"max-video-preview:-1"},"canonical":"https:\/\/vrdanceclub.de\/de\/resonance\/","og_locale":"de_DE","og_type":"article","og_title":"Resonance - VR Dance Club","og_description":"The response to the mixed reality works \"I SPY WITH MY LITTLE EYE - Duets for One Head and Two Hands\" (2022), \"BEAUTIFUL CONNECTION: A Social Performance Training\" (2023) and \"HYBRID ENCOUNTERS \u2013 A VR Dance Experience\" has been remarkable, with over 250 feedback letters received from visitors.","og_url":"https:\/\/vrdanceclub.de\/de\/resonance\/","og_site_name":"VR Dance Club","article_modified_time":"2026-03-18T10:27:28+00:00","og_image":[{"width":2560,"height":1707,"url":"https:\/\/vrdanceclub.de\/wp-content\/uploads\/2025\/06\/0X7A3821-Verbessert-NR-scaled.jpg","type":"image\/jpeg"}],"twitter_card":"summary_large_image","twitter_misc":{"Gesch\u00e4tzte Lesezeit":"3\u00a0Minuten"},"schema":{"@context":"https:\/\/schema.org","@graph":[{"@type":"WebPage","@id":"https:\/\/vrdanceclub.de\/resonance\/","url":"https:\/\/vrdanceclub.de\/resonance\/","name":"Resonance - VR Dance Club","isPartOf":{"@id":"https:\/\/vrdanceclub.de\/de\/#website"},"datePublished":"2023-10-18T19:58:44+00:00","dateModified":"2026-03-18T10:27:28+00:00","description":"The response to the mixed reality works \"I SPY WITH MY LITTLE EYE - Duets for One Head and Two Hands\" (2022), \"BEAUTIFUL CONNECTION: A Social Performance Training\" (2023) and \"HYBRID ENCOUNTERS \u2013 A VR Dance Experience\" has been remarkable, with over 250 feedback letters received from visitors.","breadcrumb":{"@id":"https:\/\/vrdanceclub.de\/resonance\/#breadcrumb"},"inLanguage":"de","potentialAction":[{"@type":"ReadAction","target":["https:\/\/vrdanceclub.de\/resonance\/"]}]},{"@type":"BreadcrumbList","@id":"https:\/\/vrdanceclub.de\/resonance\/#breadcrumb","itemListElement":[{"@type":"ListItem","position":1,"name":"Home","item":"https:\/\/vrdanceclub.de\/"},{"@type":"ListItem","position":2,"name":"Resonance"}]},{"@type":"WebSite","@id":"https:\/\/vrdanceclub.de\/de\/#website","url":"https:\/\/vrdanceclub.de\/de\/","name":"VR Dance Club","description":"Connecting Humans via Dance &amp; Technology","publisher":{"@id":"https:\/\/vrdanceclub.de\/de\/#organization"},"alternateName":"VRDCL","potentialAction":[{"@type":"SearchAction","target":{"@type":"EntryPoint","urlTemplate":"https:\/\/vrdanceclub.de\/de\/?s={search_term_string}"},"query-input":{"@type":"PropertyValueSpecification","valueRequired":true,"valueName":"search_term_string"}}],"inLanguage":"de"},{"@type":"Organization","@id":"https:\/\/vrdanceclub.de\/de\/#organization","name":"VR Dance Club","alternateName":"VRDCL","url":"https:\/\/vrdanceclub.de\/de\/","logo":{"@type":"ImageObject","inLanguage":"de","@id":"https:\/\/vrdanceclub.de\/de\/#\/schema\/logo\/image\/","url":"https:\/\/vrdanceclub.de\/wp-content\/uploads\/2025\/07\/VRDanceClub_Logo_Final_Logo1_schwarz.svg","contentUrl":"https:\/\/vrdanceclub.de\/wp-content\/uploads\/2025\/07\/VRDanceClub_Logo_Final_Logo1_schwarz.svg","width":226,"height":86,"caption":"VR Dance Club"},"image":{"@id":"https:\/\/vrdanceclub.de\/de\/#\/schema\/logo\/image\/"},"sameAs":["https:\/\/www.instagram.com\/vrdanceclub\/"]}]}},"_links":{"self":[{"href":"https:\/\/vrdanceclub.de\/de\/wp-json\/wp\/v2\/pages\/6077","targetHints":{"allow":["GET"]}}],"collection":[{"href":"https:\/\/vrdanceclub.de\/de\/wp-json\/wp\/v2\/pages"}],"about":[{"href":"https:\/\/vrdanceclub.de\/de\/wp-json\/wp\/v2\/types\/page"}],"author":[{"embeddable":true,"href":"https:\/\/vrdanceclub.de\/de\/wp-json\/wp\/v2\/users\/1"}],"replies":[{"embeddable":true,"href":"https:\/\/vrdanceclub.de\/de\/wp-json\/wp\/v2\/comments?post=6077"}],"version-history":[{"count":3,"href":"https:\/\/vrdanceclub.de\/de\/wp-json\/wp\/v2\/pages\/6077\/revisions"}],"predecessor-version":[{"id":8579,"href":"https:\/\/vrdanceclub.de\/de\/wp-json\/wp\/v2\/pages\/6077\/revisions\/8579"}],"wp:attachment":[{"href":"https:\/\/vrdanceclub.de\/de\/wp-json\/wp\/v2\/media?parent=6077"}],"curies":[{"name":"wp","href":"https:\/\/api.w.org\/{rel}","templated":true}]}}