{"id":6009,"date":"2023-10-12T16:21:18","date_gmt":"2023-10-12T14:21:18","guid":{"rendered":"http:\/\/movebor.eu\/?page_id=6009"},"modified":"2026-03-18T11:31:16","modified_gmt":"2026-03-18T10:31:16","slug":"press","status":"publish","type":"page","link":"https:\/\/vrdanceclub.de\/de\/press\/","title":{"rendered":"Press"},"content":{"rendered":"<div class=\"wpb-content-wrapper\"><div class=\"vc-row-container container\"><div class=\"vc_row wpb_row vc_row-fluid\"><div class=\"wpb_column vc_column_container vc_col-sm-12\"><div class=\"vc_column-inner\"><div class=\"wpb_wrapper\"><h1 style=\"color: #ffffff;text-align: center\" class=\"vc_custom_heading vc_do_custom_heading\" >Press Coverage<\/h1><h4 style=\"color: #afafaf;text-align: center\" class=\"vc_custom_heading vc_do_custom_heading\" >Click to expand quote<\/h4><div class=\"vc_empty_space\"   style=\"height: 80px\"><span class=\"vc_empty_space_inner\"><\/span><\/div><\/div><\/div><\/div><\/div><\/div><div class=\"vc-row-container container\"><div class=\"vc_row wpb_row vc_row-fluid\"><div class=\"wpb_column vc_column_container vc_col-sm-12\"><div class=\"vc_column-inner\"><div class=\"wpb_wrapper\"><h4 style=\"color: #ffffff;text-align: center\" class=\"vc_custom_heading vc_do_custom_heading\" ><a href=\"#popmake-6015\" title=\"Read more...\">\u201eEin stiller Dialog entspinnt sich als choreographische Interaktion auf einer Zwischenebene, einer Mixed Reality, die niemand in G\u00e4nze sieht, da beide Akteur*innen jeweils nur eine Seite erfahren.\u201c<br \/>\n-<br \/>\nKUNSTFORUM INTERNATIONAL<\/a><\/h4><div class=\"vc_empty_space\"   style=\"height: 60px\"><span class=\"vc_empty_space_inner\"><\/span><\/div><\/div><\/div><\/div><\/div><\/div><div class=\"vc-row-container container\"><div class=\"vc_row wpb_row vc_row-fluid\"><div class=\"wpb_column vc_column_container vc_col-sm-12\"><div class=\"vc_column-inner\"><div class=\"wpb_wrapper\"><h4 style=\"color: #ffffff;text-align: center\" class=\"vc_custom_heading vc_do_custom_heading\" ><a href=\"#popmake-7112\" title=\"Read more...\">\u201eEine Neugierde ist erwacht auf die Grenz\u00fcberschreitung des eigenen K\u00f6rpers (\u2026). Von einem \u00e4hnlich ver\u00e4nderten Lebensgef\u00fchl erz\u00e4hlt auch die Choreografin Anna-Carolin Weber bei den letztj\u00e4hrigen \u201eTemps d`Images\u201c.\u201c<br \/>\n-<br \/>\ntanz. Zeitschrift f\u00fcr Ballett, Tanz und Performance<\/a><\/h4><div class=\"vc_empty_space\"   style=\"height: 60px\"><span class=\"vc_empty_space_inner\"><\/span><\/div><\/div><\/div><\/div><\/div><\/div><div class=\"vc-row-container container\"><div class=\"vc_row wpb_row vc_row-fluid\"><div class=\"wpb_column vc_column_container vc_col-sm-12\"><div class=\"vc_column-inner\"><div class=\"wpb_wrapper\"><h4 style=\"color: #ffffff;text-align: center\" class=\"vc_custom_heading vc_do_custom_heading\" ><a href=\"#popmake-6029\">\u201eDie Zuschauer lie\u00dfen sich in den Polstern nieder, um die Atmosph\u00e4re der mit weichem Sound umspielten Tanzenden auf sich wirken zu lassen, und so den Abend zu genie\u00dfen. Aber wer es wollte, konnte selbst Teil der Tanzperformance werden und sich \u201eimmersiv\u201c (das hei\u00dft, \u201eder Realit\u00e4t entzogen\u201c) in die Produktion dieser getanzten Bandskulptur hineinziehen lassen.\u201c<br \/>\n-<br \/>\nBonner Rundschau<\/a><\/h4><div class=\"vc_empty_space\"   style=\"height: 60px\"><span class=\"vc_empty_space_inner\"><\/span><\/div><\/div><\/div><\/div><\/div><\/div><div class=\"vc-row-container container\"><div class=\"vc_row wpb_row vc_row-fluid\"><div class=\"wpb_column vc_column_container vc_col-sm-12\"><div class=\"vc_column-inner\"><div class=\"wpb_wrapper\"><h4 style=\"color: #ffffff;text-align: center\" class=\"vc_custom_heading vc_do_custom_heading\" ><a href=\"#popmake-6048\">\u201eIn \u201eI spy with my little eye\u201c von Anna-Carolin Weber und Tobias Kopka zeichnet man, eine VR-bebrillte T\u00e4nzerin vor sich, Linien und B\u00f6gen in die Luft, die sie imitiert und die in geronnener 3-D Form hinterher zu betrachten sind.\u201c<br \/>\n-<br \/>\nK\u00f6lner-Stadt-Anzeiger<\/a><\/h4><div class=\"vc_empty_space\"   style=\"height: 60px\"><span class=\"vc_empty_space_inner\"><\/span><\/div><\/div><\/div><\/div><\/div><\/div><div class=\"vc-row-container container\"><div class=\"vc_row wpb_row vc_row-fluid\"><div class=\"wpb_column vc_column_container vc_col-sm-12\"><div class=\"vc_column-inner\"><div class=\"wpb_wrapper\"><h4 style=\"color: #ffffff;text-align: center\" class=\"vc_custom_heading vc_do_custom_heading\" ><a href=\"#popmake-6031\">\u201eInteraktion wird bei \u201eNext Level\u201c generell gro\u00df geschrieben, auch bei der Mitmach-Tanz-Performance von Anna-Carolin Weber, die ihre Zuschauer gleichzeitig zu Choreographen macht.\u201c<br \/>\n-<br \/>\nWestdeutsche Allgemeine Zeitung<\/a><\/h4><div class=\"vc_empty_space\"   style=\"height: 60px\"><span class=\"vc_empty_space_inner\"><\/span><\/div><\/div><\/div><\/div><\/div><\/div><div class=\"vc-row-container container\"><div class=\"vc_row wpb_row vc_row-fluid\"><div class=\"wpb_column vc_column_container vc_col-sm-12\"><div class=\"vc_column-inner\"><div class=\"wpb_wrapper\"><h4 style=\"color: #ffffff;text-align: center\" class=\"vc_custom_heading vc_do_custom_heading\" ><a href=\"#popmake-6033\">\u201eTanz und Technologie zu verbinden, das hat sich das Festival \u201eTemps d\u2019Image\u201c (auf Deutsch: Zeit f\u00fcr Bilder) auf die Fahnen geschrieben. (...) Tanz und Virtual Reality (VR) verbinden Anna-Carolin Weber und Tobias Kopka in ihrer Mixed Reality Tanz Performance \u201eI Spy with my little Eye\u201c, die ab 6. Januar an beiden Festivalwochenenden zu erleben ist.\u201c<br \/>\n-<br \/>\nRheinische Post<\/a><\/h4><div class=\"vc_empty_space\"   style=\"height: 60px\"><span class=\"vc_empty_space_inner\"><\/span><\/div><\/div><\/div><\/div><\/div><\/div><div class=\"vc-row-container container\"><div class=\"vc_row wpb_row vc_row-fluid\"><div class=\"wpb_column vc_column_container vc_col-sm-12\"><div class=\"vc_column-inner\"><div class=\"wpb_wrapper\"><h4 style=\"color: #ffffff;text-align: center\" class=\"vc_custom_heading vc_do_custom_heading\" ><a href=\"#popmake-6024\">\u201eIn der VR-Tanz-Performace \u201eI Spy With My Little Eye\u201c der Choreografin Anna-Carolin Weber begeben sich die G\u00e4ste \u00fcber Virtual Reality spielerisch in die Begegnung mit einer realen T\u00e4nzerin.\u201c<br \/>\n-<br \/>\ntanz. Zeitschrift f\u00fcr Ballett, Tanz und Performance<\/a><\/h4><div class=\"vc_empty_space\"   style=\"height: 60px\"><span class=\"vc_empty_space_inner\"><\/span><\/div><\/div><\/div><\/div><\/div><\/div><div class=\"vc-row-container container\"><div class=\"vc_row wpb_row vc_row-fluid\"><div class=\"wpb_column vc_column_container vc_col-sm-12\"><div class=\"vc_column-inner\"><div class=\"wpb_wrapper\"><h4 style=\"color: #ffffff;text-align: center\" class=\"vc_custom_heading vc_do_custom_heading\" ><a href=\"#popmake-6035\">\u201e\u00dcber Virtual Reality sollen die Besucher*innen spielerisch in Kontakt mit einer realen T\u00e4nzerin treten und gemeinsam zu einer raumgreifenden Bewegungsskulptur werden (...)\u201c<br \/>\n-<br \/>\nKultur.West, Magazin f\u00fcr Kunst und Gesellschaft in NRW<\/a><\/h4><div class=\"vc_empty_space\"   style=\"height: 60px\"><span class=\"vc_empty_space_inner\"><\/span><\/div><\/div><\/div><\/div><\/div><\/div><div class=\"vc-row-container container\"><div class=\"vc_row wpb_row vc_row-fluid\"><div class=\"wpb_column vc_column_container vc_col-sm-12\"><div class=\"vc_column-inner\"><div class=\"wpb_wrapper\"><h4 style=\"color: #ffffff;text-align: center\" class=\"vc_custom_heading vc_do_custom_heading\" ><a href=\"#popmake-6037\">\"Another highlight was the XR performance I SPY WITH MY LITTLE EYE by our artists in residence, Anna-Carolin Weber and company, who transformed CGL\u00b4s large lecture hall into a futuristic liminal space.\"<br \/>\n-<br \/>\nCologne Game Lab, Institute for Game Development &amp; Research<\/a><\/h4><div class=\"vc_empty_space\"   style=\"height: 60px\"><span class=\"vc_empty_space_inner\"><\/span><\/div><\/div><\/div><\/div><\/div><\/div><div class=\"vc-row-container container\"><div class=\"vc_row wpb_row vc_row-fluid\"><div class=\"wpb_column vc_column_container vc_col-sm-12\"><div class=\"vc_column-inner\"><div class=\"wpb_wrapper\"><h4 style=\"color: #ffffff;text-align: center\" class=\"vc_custom_heading vc_do_custom_heading\" ><a href=\"#popmake-6039\">\u201eDabei f\u00e4chert das internationale Programm ein breites Spektrum auf und zeigt spektakul\u00e4re B\u00fchnenarbeiten genau wie installative Augmented Realities und intime One-on-One-Performances, in denen Zuschauer*innen eingeladen sind, zu Teilnehmer*innen werden. Zum Beispiel in der Mixed Reality Tanz Performance I SPY WITH MY LITTLE EYE von Anna-Carolin Weber und Tobias Kopka (...).\u201c<br \/>\n-<br \/>\nbiograph \u2013 Kultur. Kino. D\u00fcsseldorf<\/a><\/h4><div class=\"vc_empty_space\"   style=\"height: 60px\"><span class=\"vc_empty_space_inner\"><\/span><\/div><\/div><\/div><\/div><\/div><\/div>\n<\/div>","protected":false},"excerpt":{"rendered":"Press CoverageClick to expand quote\u201eEin stiller Dialog entspinnt sich als choreographische Interaktion auf einer Zwischenebene, einer Mixed Reality, die niemand in G\u00e4nze sieht, da beide Akteur*innen jeweils nur eine Seite erfahren.\u201c - KUNSTFORUM INTERNATIONAL\u201eEine Neugierde ist erwacht auf die Grenz\u00fcberschreitung des eigenen K\u00f6rpers (\u2026). Von einem \u00e4hnlich ver\u00e4nderten Lebensgef\u00fchl erz\u00e4hlt auch die Choreografin Anna-Carolin Weber&hellip;","protected":false},"author":1,"featured_media":0,"parent":0,"menu_order":0,"comment_status":"closed","ping_status":"closed","template":"","meta":{"_acf_changed":false,"footnotes":""},"class_list":["post-6009","page","type-page","status-publish","hentry"],"acf":[],"yoast_head":"<!-- This site is optimized with the Yoast SEO plugin v27.3 - https:\/\/yoast.com\/product\/yoast-seo-wordpress\/ -->\n<title>Press - VR Dance Club<\/title>\n<meta name=\"description\" content=\"Our projects have been featured in several press articles. Please take a look at the quotes if you are interested...\" \/>\n<meta name=\"robots\" content=\"index, follow, max-snippet:-1, max-image-preview:large, max-video-preview:-1\" \/>\n<link rel=\"canonical\" href=\"https:\/\/vrdanceclub.de\/de\/press\/\" \/>\n<meta property=\"og:locale\" content=\"de_DE\" \/>\n<meta property=\"og:type\" content=\"article\" \/>\n<meta property=\"og:title\" content=\"Press - VR Dance Club\" \/>\n<meta property=\"og:description\" content=\"Our projects have been featured in several press articles. Please take a look at the quotes if you are interested...\" \/>\n<meta property=\"og:url\" content=\"https:\/\/vrdanceclub.de\/de\/press\/\" \/>\n<meta property=\"og:site_name\" content=\"VR Dance Club\" \/>\n<meta property=\"article:modified_time\" content=\"2026-03-18T10:31:16+00:00\" \/>\n<meta property=\"og:image\" content=\"https:\/\/vrdanceclub.de\/wp-content\/uploads\/2025\/06\/0X7A3821-Verbessert-NR-scaled.jpg\" \/>\n\t<meta property=\"og:image:width\" content=\"2560\" \/>\n\t<meta property=\"og:image:height\" content=\"1707\" \/>\n\t<meta property=\"og:image:type\" content=\"image\/jpeg\" \/>\n<meta name=\"twitter:card\" content=\"summary_large_image\" \/>\n<meta name=\"twitter:label1\" content=\"Gesch\u00e4tzte Lesezeit\" \/>\n\t<meta name=\"twitter:data1\" content=\"3\u00a0Minuten\" \/>\n<script type=\"application\/ld+json\" class=\"yoast-schema-graph\">{\"@context\":\"https:\\\/\\\/schema.org\",\"@graph\":[{\"@type\":\"WebPage\",\"@id\":\"https:\\\/\\\/vrdanceclub.de\\\/press\\\/\",\"url\":\"https:\\\/\\\/vrdanceclub.de\\\/press\\\/\",\"name\":\"Press - VR Dance Club\",\"isPartOf\":{\"@id\":\"https:\\\/\\\/vrdanceclub.de\\\/de\\\/#website\"},\"datePublished\":\"2023-10-12T14:21:18+00:00\",\"dateModified\":\"2026-03-18T10:31:16+00:00\",\"description\":\"Our projects have been featured in several press articles. Please take a look at the quotes if you are interested...\",\"breadcrumb\":{\"@id\":\"https:\\\/\\\/vrdanceclub.de\\\/press\\\/#breadcrumb\"},\"inLanguage\":\"de\",\"potentialAction\":[{\"@type\":\"ReadAction\",\"target\":[\"https:\\\/\\\/vrdanceclub.de\\\/press\\\/\"]}]},{\"@type\":\"BreadcrumbList\",\"@id\":\"https:\\\/\\\/vrdanceclub.de\\\/press\\\/#breadcrumb\",\"itemListElement\":[{\"@type\":\"ListItem\",\"position\":1,\"name\":\"Home\",\"item\":\"https:\\\/\\\/vrdanceclub.de\\\/\"},{\"@type\":\"ListItem\",\"position\":2,\"name\":\"Press\"}]},{\"@type\":\"WebSite\",\"@id\":\"https:\\\/\\\/vrdanceclub.de\\\/de\\\/#website\",\"url\":\"https:\\\/\\\/vrdanceclub.de\\\/de\\\/\",\"name\":\"VR Dance Club\",\"description\":\"Connecting Humans via Dance &amp; Technology\",\"publisher\":{\"@id\":\"https:\\\/\\\/vrdanceclub.de\\\/de\\\/#organization\"},\"alternateName\":\"VRDCL\",\"potentialAction\":[{\"@type\":\"SearchAction\",\"target\":{\"@type\":\"EntryPoint\",\"urlTemplate\":\"https:\\\/\\\/vrdanceclub.de\\\/de\\\/?s={search_term_string}\"},\"query-input\":{\"@type\":\"PropertyValueSpecification\",\"valueRequired\":true,\"valueName\":\"search_term_string\"}}],\"inLanguage\":\"de\"},{\"@type\":\"Organization\",\"@id\":\"https:\\\/\\\/vrdanceclub.de\\\/de\\\/#organization\",\"name\":\"VR Dance Club\",\"alternateName\":\"VRDCL\",\"url\":\"https:\\\/\\\/vrdanceclub.de\\\/de\\\/\",\"logo\":{\"@type\":\"ImageObject\",\"inLanguage\":\"de\",\"@id\":\"https:\\\/\\\/vrdanceclub.de\\\/de\\\/#\\\/schema\\\/logo\\\/image\\\/\",\"url\":\"https:\\\/\\\/vrdanceclub.de\\\/wp-content\\\/uploads\\\/2025\\\/07\\\/VRDanceClub_Logo_Final_Logo1_schwarz.svg\",\"contentUrl\":\"https:\\\/\\\/vrdanceclub.de\\\/wp-content\\\/uploads\\\/2025\\\/07\\\/VRDanceClub_Logo_Final_Logo1_schwarz.svg\",\"width\":226,\"height\":86,\"caption\":\"VR Dance Club\"},\"image\":{\"@id\":\"https:\\\/\\\/vrdanceclub.de\\\/de\\\/#\\\/schema\\\/logo\\\/image\\\/\"},\"sameAs\":[\"https:\\\/\\\/www.instagram.com\\\/vrdanceclub\\\/\"]}]}<\/script>\n<!-- \/ Yoast SEO plugin. -->","yoast_head_json":{"title":"Press - VR Dance Club","description":"Our projects have been featured in several press articles. Please take a look at the quotes if you are interested...","robots":{"index":"index","follow":"follow","max-snippet":"max-snippet:-1","max-image-preview":"max-image-preview:large","max-video-preview":"max-video-preview:-1"},"canonical":"https:\/\/vrdanceclub.de\/de\/press\/","og_locale":"de_DE","og_type":"article","og_title":"Press - VR Dance Club","og_description":"Our projects have been featured in several press articles. Please take a look at the quotes if you are interested...","og_url":"https:\/\/vrdanceclub.de\/de\/press\/","og_site_name":"VR Dance Club","article_modified_time":"2026-03-18T10:31:16+00:00","og_image":[{"width":2560,"height":1707,"url":"https:\/\/vrdanceclub.de\/wp-content\/uploads\/2025\/06\/0X7A3821-Verbessert-NR-scaled.jpg","type":"image\/jpeg"}],"twitter_card":"summary_large_image","twitter_misc":{"Gesch\u00e4tzte Lesezeit":"3\u00a0Minuten"},"schema":{"@context":"https:\/\/schema.org","@graph":[{"@type":"WebPage","@id":"https:\/\/vrdanceclub.de\/press\/","url":"https:\/\/vrdanceclub.de\/press\/","name":"Press - VR Dance Club","isPartOf":{"@id":"https:\/\/vrdanceclub.de\/de\/#website"},"datePublished":"2023-10-12T14:21:18+00:00","dateModified":"2026-03-18T10:31:16+00:00","description":"Our projects have been featured in several press articles. Please take a look at the quotes if you are interested...","breadcrumb":{"@id":"https:\/\/vrdanceclub.de\/press\/#breadcrumb"},"inLanguage":"de","potentialAction":[{"@type":"ReadAction","target":["https:\/\/vrdanceclub.de\/press\/"]}]},{"@type":"BreadcrumbList","@id":"https:\/\/vrdanceclub.de\/press\/#breadcrumb","itemListElement":[{"@type":"ListItem","position":1,"name":"Home","item":"https:\/\/vrdanceclub.de\/"},{"@type":"ListItem","position":2,"name":"Press"}]},{"@type":"WebSite","@id":"https:\/\/vrdanceclub.de\/de\/#website","url":"https:\/\/vrdanceclub.de\/de\/","name":"VR Dance Club","description":"Connecting Humans via Dance &amp; Technology","publisher":{"@id":"https:\/\/vrdanceclub.de\/de\/#organization"},"alternateName":"VRDCL","potentialAction":[{"@type":"SearchAction","target":{"@type":"EntryPoint","urlTemplate":"https:\/\/vrdanceclub.de\/de\/?s={search_term_string}"},"query-input":{"@type":"PropertyValueSpecification","valueRequired":true,"valueName":"search_term_string"}}],"inLanguage":"de"},{"@type":"Organization","@id":"https:\/\/vrdanceclub.de\/de\/#organization","name":"VR Dance Club","alternateName":"VRDCL","url":"https:\/\/vrdanceclub.de\/de\/","logo":{"@type":"ImageObject","inLanguage":"de","@id":"https:\/\/vrdanceclub.de\/de\/#\/schema\/logo\/image\/","url":"https:\/\/vrdanceclub.de\/wp-content\/uploads\/2025\/07\/VRDanceClub_Logo_Final_Logo1_schwarz.svg","contentUrl":"https:\/\/vrdanceclub.de\/wp-content\/uploads\/2025\/07\/VRDanceClub_Logo_Final_Logo1_schwarz.svg","width":226,"height":86,"caption":"VR Dance Club"},"image":{"@id":"https:\/\/vrdanceclub.de\/de\/#\/schema\/logo\/image\/"},"sameAs":["https:\/\/www.instagram.com\/vrdanceclub\/"]}]}},"_links":{"self":[{"href":"https:\/\/vrdanceclub.de\/de\/wp-json\/wp\/v2\/pages\/6009","targetHints":{"allow":["GET"]}}],"collection":[{"href":"https:\/\/vrdanceclub.de\/de\/wp-json\/wp\/v2\/pages"}],"about":[{"href":"https:\/\/vrdanceclub.de\/de\/wp-json\/wp\/v2\/types\/page"}],"author":[{"embeddable":true,"href":"https:\/\/vrdanceclub.de\/de\/wp-json\/wp\/v2\/users\/1"}],"replies":[{"embeddable":true,"href":"https:\/\/vrdanceclub.de\/de\/wp-json\/wp\/v2\/comments?post=6009"}],"version-history":[{"count":3,"href":"https:\/\/vrdanceclub.de\/de\/wp-json\/wp\/v2\/pages\/6009\/revisions"}],"predecessor-version":[{"id":8580,"href":"https:\/\/vrdanceclub.de\/de\/wp-json\/wp\/v2\/pages\/6009\/revisions\/8580"}],"wp:attachment":[{"href":"https:\/\/vrdanceclub.de\/de\/wp-json\/wp\/v2\/media?parent=6009"}],"curies":[{"name":"wp","href":"https:\/\/api.w.org\/{rel}","templated":true}]}}