{"id":5892,"date":"2023-10-11T14:21:07","date_gmt":"2023-10-11T12:21:07","guid":{"rendered":"http:\/\/movebor.eu\/?page_id=5892"},"modified":"2025-11-24T15:56:52","modified_gmt":"2025-11-24T14:56:52","slug":"beautiful-connection","status":"publish","type":"page","link":"https:\/\/vrdanceclub.de\/de\/beautiful-connection\/","title":{"rendered":"Beautiful Connection"},"content":{"rendered":"<div class=\"wpb-content-wrapper\"><div class=\"vc-row-container container\"><div class=\"vc_row wpb_row vc_row-fluid\"><div class=\"wpb_column vc_column_container vc_col-sm-12\"><div class=\"vc_column-inner\"><div class=\"wpb_wrapper\"><h1 style=\"text-align: center\" class=\"vc_custom_heading vc_do_custom_heading\" >Beautiful Connection<\/h1><div class=\"vc_empty_space\"   style=\"height: 80px\"><span class=\"vc_empty_space_inner\"><\/span><\/div><\/div><\/div><\/div><div class=\"wpb_column vc_column_container vc_col-sm-12\"><div class=\"vc_column-inner\"><div class=\"wpb_wrapper\">\n\t<div class=\"wpb_text_column wpb_content_element post-formatting\" >\n\t\t<div class=\"wpb_wrapper\">\n\t\t\t<p style=\"text-align: center;\">Vier Performer:innen bewegen sich in einer kreuzf\u00f6rmig mit wei\u00dfem Tape markierten Tanzfl\u00e4che in der Raummitte, begleitet von vier Besucher:innen, die sich jeweils in ihrer N\u00e4he aufhalten. Vier Performer:innen, vier Besucher:innen, vier gleich gro\u00dfe Aktionsfelder rund um ein leeres Zentrum. In ihren H\u00e4nden halten die Performer:innen einen Controller, der ihre auf den eigenen K\u00f6rper ausgerichteten Arm- und Handbewegungen aufzeichnet. Sie wechseln zwischen selbst initiiertem Abzeichnen einzelner K\u00f6rperpartien, dem linienf\u00f6rmigen Vermessen ihres K\u00f6rperumraums und Momenten des Innehaltens. Die Performer:innen richten ihre t\u00e4nzerische Adressierung an die jeweiligen Spielpartner:innen, die eine VR-Brille tragen. Diese bewegen sich nah, aber zugleich beobachtend distanziert, um `ihre\u00b4 performende Person herum.<\/p>\n\n\t\t<\/div>\n\t<\/div>\n<\/div><\/div><\/div><\/div><\/div><div class=\"vc-row-container container\"><div class=\"vc_row wpb_row vc_row-fluid\"><div class=\"wpb_column vc_column_container vc_col-sm-12\"><div class=\"vc_column-inner\"><div class=\"wpb_wrapper\"><div class=\"vc_empty_space\"   style=\"height: 48px\"><span class=\"vc_empty_space_inner\"><\/span><\/div>\n<div class=\"vc_grid-container-wrapper vc_clearfix vc_grid-animation-fadeIn\">\n\t<div class=\"vc_grid-container vc_clearfix wpb_content_element vc_media_grid\" data-initial-loading-animation=\"fadeIn\" data-vc-grid-settings=\"{&quot;page_id&quot;:5892,&quot;style&quot;:&quot;all&quot;,&quot;action&quot;:&quot;vc_get_vc_grid_data&quot;,&quot;shortcode_id&quot;:&quot;1740233805615-067d0f2d-6f34-7&quot;,&quot;tag&quot;:&quot;vc_media_grid&quot;}\" data-vc-request=\"https:\/\/vrdanceclub.de\/wp-admin\/admin-ajax.php\" data-vc-post-id=\"5892\" data-vc-public-nonce=\"05fd69de92\">\n\t\t\n\t<\/div>\n<\/div><\/div><\/div><\/div><\/div><\/div><div class=\"vc-row-container container\"><div class=\"vc_row wpb_row vc_row-fluid\"><div class=\"wpb_column vc_column_container vc_col-sm-12\"><div class=\"vc_column-inner\"><div class=\"wpb_wrapper\"><div class=\"vc_empty_space\"   style=\"height: 48px\"><span class=\"vc_empty_space_inner\"><\/span><\/div>\n\t<div class=\"wpb_text_column wpb_content_element post-formatting\" >\n\t\t<div class=\"wpb_wrapper\">\n\t\t\t<p style=\"text-align: center;\">Aufbauend auf dem Erfolg von I SPY WITH MY LITTLE EYE \u2013 Duette f\u00fcr einen Kopf und zwei H\u00e4nde (2022) entwickeln Anna-Carolin Weber &amp; Tobias Kopka mit dem VR Dance Club Team das Format der \u201eVR Tanz Begegnungen\u201c als Multiplayer-Performance weiter. Die Mixed Reality-Tanzperformance BEAUTIFUL CONNECTION: A Social Performance Training bringt acht Menschen zusammen, die sich \u2013 ausgestattet mit VR-Headsets oder VR-Handcontrollern \u2013 im physischen Raum vor Publikum bewegen und gleichzeitig in einer virtuellen 3D-Umgebung interagieren.\n\u00dcber Moderation und Aufgabenstellungen entsteht ein hybrides Spielfeld, in dem Besucher:innen und Performer:innen an der Schnittstelle von physischem und virtuellem Raum Entscheidungsprozesse und Interaktionen aushandeln. Ihre Aufgabe: Im nonverbalen Dialog gemeinsam einen virtuellen Begegnungsraum gestalten. Wie l\u00e4sst sich eine gemeinsame Aktionsebene finden? Wer f\u00fchrt, wer folgt, wer nimmt auf, wer l\u00e4sst fallen?<\/p>\n\n\t\t<\/div>\n\t<\/div>\n<\/div><\/div><\/div><\/div><\/div><div class=\"vc-row-container container\"><div class=\"vc_row wpb_row vc_row-fluid\"><div class=\"wpb_column vc_column_container vc_col-sm-12\"><div class=\"vc_column-inner\"><div class=\"wpb_wrapper\"><div class=\"vc_empty_space\"   style=\"height: 48px\"><span class=\"vc_empty_space_inner\"><\/span><\/div>\n\t<div class=\"wpb_raw_code wpb_raw_html wpb_content_element\" >\n\t\t<div class=\"wpb_wrapper\">\n\t\t\t<div style=\"padding:56.25% 0 0 0;position:relative;\"><iframe src=\"https:\/\/player.vimeo.com\/video\/840437180?h=2b6be21abf&amp;badge=0&amp;autopause=0&amp;quality_selector=1&amp;player_id=0&amp;app_id=58479\" frameborder=\"0\" allow=\"autoplay; fullscreen; picture-in-picture\" style=\"position:absolute;top:0;left:0;width:100%;height:100%;\" title=\"BC Mixed-Reality Performance\"><\/iframe><\/div><script src=\"https:\/\/player.vimeo.com\/api\/player.js\"><\/script>\n\t\t<\/div>\n\t<\/div>\n<div class=\"vc_empty_space\"   style=\"height: 48px\"><span class=\"vc_empty_space_inner\"><\/span><\/div><\/div><\/div><\/div><\/div><\/div><div class=\"vc-row-container container\"><div class=\"vc_row wpb_row vc_row-fluid\"><div class=\"wpb_column vc_column_container vc_col-sm-12\"><div class=\"vc_column-inner\"><div class=\"wpb_wrapper\">\n\t<div class=\"wpb_text_column wpb_content_element post-formatting\" >\n\t\t<div class=\"wpb_wrapper\">\n\t\t\t<p style=\"text-align: center;\">Nach Auff\u00fchrungen in M\u00fcnchen und Try-Out Performance-Laboren in K\u00f6ln und Alfter, bei denen die wahrnehmungs\u00e4sthetischen Funktionsprinzipien der Multiplayer-Performance BEAUTIFUL CONNECTION k\u00fcnstlerisch erforscht wurden, steht nun die Weiterentwicklung der Arbeit an. Dabei r\u00fcckt die soziale und politische Wirkung in den Fokus: Welche Steuerungs-, Entscheidungs- und Handlungsoptionen er\u00f6ffnen die hybriden Funktionsprinzipien im Zusammenspiel von acht Personen im B\u00fchnenraum?<br \/>\nMultiplayer-Choreografien verdeutlichen neue Herausforderungen der Governance und werfen Fragen nach geeigneten Regeln und Rahmenbedingungen f\u00fcr das Zusammenleben in hybriden R\u00e4umen auf. Wie handeln wir kooperativ, wenn wir uns auf unterschiedlichen Wahrnehmungsebenen im selben physischen Raum bewegen? Wie nehmen wir einander wahr, wie kommunizieren wir, wenn wir zwar gemeinsam im Raum sind, aber gleichzeitig in eigenen Wahrnehmungsblasen agieren?<\/p>\n\n\t\t<\/div>\n\t<\/div>\n<div class=\"vc_empty_space\"   style=\"height: 48px\"><span class=\"vc_empty_space_inner\"><\/span><\/div>\n<div class=\"vc_grid-container-wrapper vc_clearfix vc_grid-animation-fadeIn\">\n\t<div class=\"vc_grid-container vc_clearfix wpb_content_element vc_media_grid\" data-initial-loading-animation=\"fadeIn\" data-vc-grid-settings=\"{&quot;page_id&quot;:5892,&quot;style&quot;:&quot;all&quot;,&quot;action&quot;:&quot;vc_get_vc_grid_data&quot;,&quot;shortcode_id&quot;:&quot;1740233805617-77cca076-e43f-0&quot;,&quot;tag&quot;:&quot;vc_media_grid&quot;}\" data-vc-request=\"https:\/\/vrdanceclub.de\/wp-admin\/admin-ajax.php\" data-vc-post-id=\"5892\" data-vc-public-nonce=\"05fd69de92\">\n\t\t\n\t<\/div>\n<\/div><div class=\"vc_empty_space\"   style=\"height: 48px\"><span class=\"vc_empty_space_inner\"><\/span><\/div><\/div><\/div><\/div><\/div><\/div><div class=\"vc-row-container container\"><div class=\"vc_row wpb_row vc_row-fluid\"><div class=\"wpb_column vc_column_container vc_col-sm-12\"><div class=\"vc_column-inner\"><div class=\"wpb_wrapper\">\n\t<div class=\"wpb_text_column wpb_content_element post-formatting\" >\n\t\t<div class=\"wpb_wrapper\">\n\t\t\t<p style=\"text-align: center;\"><strong>Performances<\/strong><\/p>\n<p>&nbsp;<\/p>\n<p style=\"text-align: center;\">01.-02.03.23, Pathos Theater, M\u00fcnchen (Performance Premiere)<\/p>\n<p style=\"text-align: center;\">10.-12.07.23, Sommerakademie Alanus Hochschule, Alfter (Performance Labor)<\/p>\n<p style=\"text-align: center;\">15.-16.08.23, SomaFest \u2013 XR mit allen Sinnen, Cologne Game Lab, TH K\u00f6ln (Performance Labor)<\/p>\n<p>&nbsp;<\/p>\n<p style=\"text-align: center;\">&#8211;<\/p>\n\n\t\t<\/div>\n\t<\/div>\n<div class=\"vc_empty_space\"   style=\"height: 48px\"><span class=\"vc_empty_space_inner\"><\/span><\/div>\n\t<div class=\"wpb_text_column wpb_content_element post-formatting\" >\n\t\t<div class=\"wpb_wrapper\">\n\t\t\t<p style=\"text-align: center;\"><b>Credits<\/b><\/p>\n<p>&nbsp;<\/p>\n<p style=\"text-align: center;\">K\u00fcnstlerische Leitung: Anna-Carolin Weber &amp; Tobias Kopka<\/p>\n<p style=\"text-align: center;\">Dramaturgie: Ren\u00e9*e Reith<\/p>\n<p style=\"text-align: center;\">Performance: Phillip Dittmann, Helena Miko, Ren\u00e9*e Reith, Anna-Carolin Weber<\/p>\n<p style=\"text-align: center;\">Soundgestaltung &amp; DJing: Philip K\u00fchn<\/p>\n<p style=\"text-align: center;\">Lichtinstallation &amp; -design: Jasper Gather in Kooperation mit Marlon Brodda<\/p>\n<p style=\"text-align: center;\">K\u00fcnstlerische Assistenz: Phillip Dittmann<\/p>\n<p style=\"text-align: center;\">Virtual Reality Operations: Max Kolb<\/p>\n<p style=\"text-align: center;\">Live-Videographie: Alessandro De Matteis<\/p>\n\n\t\t<\/div>\n\t<\/div>\n<div class=\"vc_empty_space\"   style=\"height: 48px\"><span class=\"vc_empty_space_inner\"><\/span><\/div>\n\t<div class=\"wpb_text_column wpb_content_element post-formatting\" >\n\t\t<div class=\"wpb_wrapper\">\n\t\t\t<p style=\"text-align: center;\"><b>F\u00f6rderung<\/b><\/p>\n<p>&nbsp;<\/p>\n<p style=\"text-align: center;\">Die Produktion \u201eBEAUTIFUL CONNECTION: A Social Performance Training\u201c (2023) wurde gef\u00f6rdert durch die Beauftragte der Bundesregierung f\u00fcr Kultur und Medien im Programm \u201eNEUSTART KULTUR\u201c, Hilfsprogramm tanz:digital des Dachverband Tanz Deutschland. Mit freundlicher Unterst\u00fctzung von PATHOS M\u00fcnchen, Tanztheater Schlebusch und Curatomic.<\/p>\n<p style=\"text-align: center;\" class=\"translation-block\">Die beiden Performance Labore \u201eBEAUTIFUL CONNECTION: A Social Performance Training\u201c (2023) fanden auf Einladung des Programms \u201eK\u00fcnstler:innen vor Ort\u201c der Sommerakademie 2023 an der Alanus Hochschule sowie im Rahmen des \u201eArtists in Residence\u201c Aufenthalts auf Einladung des \u201eSomaFest \u2013 XR mit allen Sinnen\u201c 2023 am Cologne Game Lab statt.<\/p>\n\n\t\t<\/div>\n\t<\/div>\n<\/div><\/div><\/div><\/div><\/div>\n<\/div>","protected":false},"excerpt":{"rendered":"Beautiful Connection Four performers move within a cross-shaped dance floor in the middle of the room, demarcated with white tape. They are accompanied by four visitors who stand close to the performers. Four performers, four visitors, four fields of action of equal size arranged around an empty center. The performers hold a controller in their&hellip;","protected":false},"author":1,"featured_media":6112,"parent":0,"menu_order":0,"comment_status":"closed","ping_status":"closed","template":"","meta":{"_acf_changed":false,"footnotes":""},"class_list":["post-5892","page","type-page","status-publish","has-post-thumbnail","hentry"],"acf":[],"yoast_head":"<!-- This site is optimized with the Yoast SEO plugin v27.3 - https:\/\/yoast.com\/product\/yoast-seo-wordpress\/ -->\n<title>Beautiful Connection - VR Dance Club<\/title>\n<meta name=\"description\" content=\"Based on the success of the VR performance \u201cI SPY WITH MY LITTLE EYE - Duette f\u00fcr einen Kopf und zwei H\u00e4nde\u201d (2022), Anna-Carolin Weber and Tobias Kopka together with their interdisciplinary artistic team develop the format\" \/>\n<meta name=\"robots\" content=\"index, follow, max-snippet:-1, max-image-preview:large, max-video-preview:-1\" \/>\n<link rel=\"canonical\" href=\"https:\/\/vrdanceclub.de\/de\/beautiful-connection\/\" \/>\n<meta property=\"og:locale\" content=\"de_DE\" \/>\n<meta property=\"og:type\" content=\"article\" \/>\n<meta property=\"og:title\" content=\"Beautiful Connection - VR Dance Club\" \/>\n<meta property=\"og:description\" content=\"Based on the success of the VR performance \u201cI SPY WITH MY LITTLE EYE - Duette f\u00fcr einen Kopf und zwei H\u00e4nde\u201d (2022), Anna-Carolin Weber and Tobias Kopka together with their interdisciplinary artistic team develop the format\" \/>\n<meta property=\"og:url\" content=\"https:\/\/vrdanceclub.de\/de\/beautiful-connection\/\" \/>\n<meta property=\"og:site_name\" content=\"VR Dance Club\" \/>\n<meta property=\"article:modified_time\" content=\"2025-11-24T14:56:52+00:00\" \/>\n<meta property=\"og:image\" content=\"https:\/\/vrdanceclub.de\/wp-content\/uploads\/ispydoc\/Fotos%20BCON_M\u00fcnchen_M\u00e4rz%202023\/DSC03938-Kopie-scaled.jpg\" \/>\n\t<meta property=\"og:image:width\" content=\"2560\" \/>\n\t<meta property=\"og:image:height\" content=\"1707\" \/>\n\t<meta property=\"og:image:type\" content=\"image\/jpeg\" \/>\n<meta name=\"twitter:card\" content=\"summary_large_image\" \/>\n<meta name=\"twitter:label1\" content=\"Gesch\u00e4tzte Lesezeit\" \/>\n\t<meta name=\"twitter:data1\" content=\"5\u00a0Minuten\" \/>\n<script type=\"application\/ld+json\" class=\"yoast-schema-graph\">{\"@context\":\"https:\\\/\\\/schema.org\",\"@graph\":[{\"@type\":\"WebPage\",\"@id\":\"https:\\\/\\\/vrdanceclub.de\\\/beautiful-connection\\\/\",\"url\":\"https:\\\/\\\/vrdanceclub.de\\\/beautiful-connection\\\/\",\"name\":\"Beautiful Connection - VR Dance Club\",\"isPartOf\":{\"@id\":\"https:\\\/\\\/vrdanceclub.de\\\/de\\\/#website\"},\"primaryImageOfPage\":{\"@id\":\"https:\\\/\\\/vrdanceclub.de\\\/beautiful-connection\\\/#primaryimage\"},\"image\":{\"@id\":\"https:\\\/\\\/vrdanceclub.de\\\/beautiful-connection\\\/#primaryimage\"},\"thumbnailUrl\":\"https:\\\/\\\/vrdanceclub.de\\\/wp-content\\\/uploads\\\/ispydoc\\\/Fotos BCON_M\u00fcnchen_M\u00e4rz 2023\\\/DSC03938-Kopie-scaled.jpg\",\"datePublished\":\"2023-10-11T12:21:07+00:00\",\"dateModified\":\"2025-11-24T14:56:52+00:00\",\"description\":\"Based on the success of the VR performance \u201cI SPY WITH MY LITTLE EYE - Duette f\u00fcr einen Kopf und zwei H\u00e4nde\u201d (2022), Anna-Carolin Weber and Tobias Kopka together with their interdisciplinary artistic team develop the format\",\"breadcrumb\":{\"@id\":\"https:\\\/\\\/vrdanceclub.de\\\/beautiful-connection\\\/#breadcrumb\"},\"inLanguage\":\"de\",\"potentialAction\":[{\"@type\":\"ReadAction\",\"target\":[\"https:\\\/\\\/vrdanceclub.de\\\/beautiful-connection\\\/\"]}]},{\"@type\":\"ImageObject\",\"inLanguage\":\"de\",\"@id\":\"https:\\\/\\\/vrdanceclub.de\\\/beautiful-connection\\\/#primaryimage\",\"url\":\"https:\\\/\\\/vrdanceclub.de\\\/wp-content\\\/uploads\\\/ispydoc\\\/Fotos BCON_M\u00fcnchen_M\u00e4rz 2023\\\/DSC03938-Kopie-scaled.jpg\",\"contentUrl\":\"https:\\\/\\\/vrdanceclub.de\\\/wp-content\\\/uploads\\\/ispydoc\\\/Fotos BCON_M\u00fcnchen_M\u00e4rz 2023\\\/DSC03938-Kopie-scaled.jpg\",\"width\":2560,\"height\":1707},{\"@type\":\"BreadcrumbList\",\"@id\":\"https:\\\/\\\/vrdanceclub.de\\\/beautiful-connection\\\/#breadcrumb\",\"itemListElement\":[{\"@type\":\"ListItem\",\"position\":1,\"name\":\"Home\",\"item\":\"https:\\\/\\\/vrdanceclub.de\\\/\"},{\"@type\":\"ListItem\",\"position\":2,\"name\":\"Beautiful Connection\"}]},{\"@type\":\"WebSite\",\"@id\":\"https:\\\/\\\/vrdanceclub.de\\\/de\\\/#website\",\"url\":\"https:\\\/\\\/vrdanceclub.de\\\/de\\\/\",\"name\":\"VR Dance Club\",\"description\":\"Connecting Humans via Dance &amp; Technology\",\"publisher\":{\"@id\":\"https:\\\/\\\/vrdanceclub.de\\\/de\\\/#organization\"},\"alternateName\":\"VRDCL\",\"potentialAction\":[{\"@type\":\"SearchAction\",\"target\":{\"@type\":\"EntryPoint\",\"urlTemplate\":\"https:\\\/\\\/vrdanceclub.de\\\/de\\\/?s={search_term_string}\"},\"query-input\":{\"@type\":\"PropertyValueSpecification\",\"valueRequired\":true,\"valueName\":\"search_term_string\"}}],\"inLanguage\":\"de\"},{\"@type\":\"Organization\",\"@id\":\"https:\\\/\\\/vrdanceclub.de\\\/de\\\/#organization\",\"name\":\"VR Dance Club\",\"alternateName\":\"VRDCL\",\"url\":\"https:\\\/\\\/vrdanceclub.de\\\/de\\\/\",\"logo\":{\"@type\":\"ImageObject\",\"inLanguage\":\"de\",\"@id\":\"https:\\\/\\\/vrdanceclub.de\\\/de\\\/#\\\/schema\\\/logo\\\/image\\\/\",\"url\":\"https:\\\/\\\/vrdanceclub.de\\\/wp-content\\\/uploads\\\/2025\\\/07\\\/VRDanceClub_Logo_Final_Logo1_schwarz.svg\",\"contentUrl\":\"https:\\\/\\\/vrdanceclub.de\\\/wp-content\\\/uploads\\\/2025\\\/07\\\/VRDanceClub_Logo_Final_Logo1_schwarz.svg\",\"width\":226,\"height\":86,\"caption\":\"VR Dance Club\"},\"image\":{\"@id\":\"https:\\\/\\\/vrdanceclub.de\\\/de\\\/#\\\/schema\\\/logo\\\/image\\\/\"},\"sameAs\":[\"https:\\\/\\\/www.instagram.com\\\/vrdanceclub\\\/\"]}]}<\/script>\n<!-- \/ Yoast SEO plugin. -->","yoast_head_json":{"title":"Beautiful Connection - VR Dance Club","description":"Based on the success of the VR performance \u201cI SPY WITH MY LITTLE EYE - Duette f\u00fcr einen Kopf und zwei H\u00e4nde\u201d (2022), Anna-Carolin Weber and Tobias Kopka together with their interdisciplinary artistic team develop the format","robots":{"index":"index","follow":"follow","max-snippet":"max-snippet:-1","max-image-preview":"max-image-preview:large","max-video-preview":"max-video-preview:-1"},"canonical":"https:\/\/vrdanceclub.de\/de\/beautiful-connection\/","og_locale":"de_DE","og_type":"article","og_title":"Beautiful Connection - VR Dance Club","og_description":"Based on the success of the VR performance \u201cI SPY WITH MY LITTLE EYE - Duette f\u00fcr einen Kopf und zwei H\u00e4nde\u201d (2022), Anna-Carolin Weber and Tobias Kopka together with their interdisciplinary artistic team develop the format","og_url":"https:\/\/vrdanceclub.de\/de\/beautiful-connection\/","og_site_name":"VR Dance Club","article_modified_time":"2025-11-24T14:56:52+00:00","og_image":[{"width":2560,"height":1707,"url":"https:\/\/vrdanceclub.de\/wp-content\/uploads\/ispydoc\/Fotos BCON_M\u00fcnchen_M\u00e4rz 2023\/DSC03938-Kopie-scaled.jpg","type":"image\/jpeg"}],"twitter_card":"summary_large_image","twitter_misc":{"Gesch\u00e4tzte Lesezeit":"5\u00a0Minuten"},"schema":{"@context":"https:\/\/schema.org","@graph":[{"@type":"WebPage","@id":"https:\/\/vrdanceclub.de\/beautiful-connection\/","url":"https:\/\/vrdanceclub.de\/beautiful-connection\/","name":"Beautiful Connection - VR Dance Club","isPartOf":{"@id":"https:\/\/vrdanceclub.de\/de\/#website"},"primaryImageOfPage":{"@id":"https:\/\/vrdanceclub.de\/beautiful-connection\/#primaryimage"},"image":{"@id":"https:\/\/vrdanceclub.de\/beautiful-connection\/#primaryimage"},"thumbnailUrl":"https:\/\/vrdanceclub.de\/wp-content\/uploads\/ispydoc\/Fotos BCON_M\u00fcnchen_M\u00e4rz 2023\/DSC03938-Kopie-scaled.jpg","datePublished":"2023-10-11T12:21:07+00:00","dateModified":"2025-11-24T14:56:52+00:00","description":"Based on the success of the VR performance \u201cI SPY WITH MY LITTLE EYE - Duette f\u00fcr einen Kopf und zwei H\u00e4nde\u201d (2022), Anna-Carolin Weber and Tobias Kopka together with their interdisciplinary artistic team develop the format","breadcrumb":{"@id":"https:\/\/vrdanceclub.de\/beautiful-connection\/#breadcrumb"},"inLanguage":"de","potentialAction":[{"@type":"ReadAction","target":["https:\/\/vrdanceclub.de\/beautiful-connection\/"]}]},{"@type":"ImageObject","inLanguage":"de","@id":"https:\/\/vrdanceclub.de\/beautiful-connection\/#primaryimage","url":"https:\/\/vrdanceclub.de\/wp-content\/uploads\/ispydoc\/Fotos BCON_M\u00fcnchen_M\u00e4rz 2023\/DSC03938-Kopie-scaled.jpg","contentUrl":"https:\/\/vrdanceclub.de\/wp-content\/uploads\/ispydoc\/Fotos BCON_M\u00fcnchen_M\u00e4rz 2023\/DSC03938-Kopie-scaled.jpg","width":2560,"height":1707},{"@type":"BreadcrumbList","@id":"https:\/\/vrdanceclub.de\/beautiful-connection\/#breadcrumb","itemListElement":[{"@type":"ListItem","position":1,"name":"Home","item":"https:\/\/vrdanceclub.de\/"},{"@type":"ListItem","position":2,"name":"Beautiful Connection"}]},{"@type":"WebSite","@id":"https:\/\/vrdanceclub.de\/de\/#website","url":"https:\/\/vrdanceclub.de\/de\/","name":"VR Dance Club","description":"Connecting Humans via Dance &amp; Technology","publisher":{"@id":"https:\/\/vrdanceclub.de\/de\/#organization"},"alternateName":"VRDCL","potentialAction":[{"@type":"SearchAction","target":{"@type":"EntryPoint","urlTemplate":"https:\/\/vrdanceclub.de\/de\/?s={search_term_string}"},"query-input":{"@type":"PropertyValueSpecification","valueRequired":true,"valueName":"search_term_string"}}],"inLanguage":"de"},{"@type":"Organization","@id":"https:\/\/vrdanceclub.de\/de\/#organization","name":"VR Dance Club","alternateName":"VRDCL","url":"https:\/\/vrdanceclub.de\/de\/","logo":{"@type":"ImageObject","inLanguage":"de","@id":"https:\/\/vrdanceclub.de\/de\/#\/schema\/logo\/image\/","url":"https:\/\/vrdanceclub.de\/wp-content\/uploads\/2025\/07\/VRDanceClub_Logo_Final_Logo1_schwarz.svg","contentUrl":"https:\/\/vrdanceclub.de\/wp-content\/uploads\/2025\/07\/VRDanceClub_Logo_Final_Logo1_schwarz.svg","width":226,"height":86,"caption":"VR Dance Club"},"image":{"@id":"https:\/\/vrdanceclub.de\/de\/#\/schema\/logo\/image\/"},"sameAs":["https:\/\/www.instagram.com\/vrdanceclub\/"]}]}},"_links":{"self":[{"href":"https:\/\/vrdanceclub.de\/de\/wp-json\/wp\/v2\/pages\/5892","targetHints":{"allow":["GET"]}}],"collection":[{"href":"https:\/\/vrdanceclub.de\/de\/wp-json\/wp\/v2\/pages"}],"about":[{"href":"https:\/\/vrdanceclub.de\/de\/wp-json\/wp\/v2\/types\/page"}],"author":[{"embeddable":true,"href":"https:\/\/vrdanceclub.de\/de\/wp-json\/wp\/v2\/users\/1"}],"replies":[{"embeddable":true,"href":"https:\/\/vrdanceclub.de\/de\/wp-json\/wp\/v2\/comments?post=5892"}],"version-history":[{"count":26,"href":"https:\/\/vrdanceclub.de\/de\/wp-json\/wp\/v2\/pages\/5892\/revisions"}],"predecessor-version":[{"id":7832,"href":"https:\/\/vrdanceclub.de\/de\/wp-json\/wp\/v2\/pages\/5892\/revisions\/7832"}],"wp:featuredmedia":[{"embeddable":true,"href":"https:\/\/vrdanceclub.de\/de\/wp-json\/wp\/v2\/media\/6112"}],"wp:attachment":[{"href":"https:\/\/vrdanceclub.de\/de\/wp-json\/wp\/v2\/media?parent=5892"}],"curies":[{"name":"wp","href":"https:\/\/api.w.org\/{rel}","templated":true}]}}