{"id":5834,"date":"2023-04-30T20:07:26","date_gmt":"2023-04-30T18:07:26","guid":{"rendered":"http:\/\/movebor.eu\/?page_id=5834"},"modified":"2026-03-18T11:19:16","modified_gmt":"2026-03-18T10:19:16","slug":"about-i-spy","status":"publish","type":"page","link":"https:\/\/vrdanceclub.de\/de\/about-i-spy\/","title":{"rendered":"I Spy With My Little Eye"},"content":{"rendered":"<div class=\"wpb-content-wrapper\"><div class=\"vc-row-container container\"><div class=\"vc_row wpb_row vc_row-fluid\"><div class=\"wpb_column vc_column_container vc_col-sm-12\"><div class=\"vc_column-inner\"><div class=\"wpb_wrapper\"><h1 style=\"text-align: center\" class=\"vc_custom_heading vc_do_custom_heading\" >I SPY WITH MY LITTLE EYE<\/h1><h2 style=\"color: #FFFFFF;text-align: center\" class=\"vc_custom_heading vc_do_custom_heading\" >DUETTE F\u00dcR EINEN KOPF UND ZWEI H\u00c4NDE (2022)<\/h2><div class=\"vc_empty_space\"   style=\"height: 80px\"><span class=\"vc_empty_space_inner\"><\/span><\/div><\/div><\/div><\/div><\/div><\/div><div class=\"vc-row-container container\"><div class=\"vc_row wpb_row vc_row-fluid\"><div class=\"wpb_column vc_column_container vc_col-sm-12\"><div class=\"vc_column-inner\"><div class=\"wpb_wrapper\">\n\t<div class=\"wpb_text_column wpb_content_element post-formatting\" >\n\t\t<div class=\"wpb_wrapper\">\n\t\t\t<p style=\"text-align: center;\"><em>Dunkelheit. Eine Zeichnung schwebt schwerelos im Raum vor mir, Spuren einer Begegnung, die wir\u202c noch vor Momenten miteinander getanzt haben. K\u00f6rperlos leuchtet die Zeichnung in der Schw\u00e4rze,\u202c leuchtende Spuren, die in B\u00f6gen, Wellen, Rundungen im Raum vor mir stehen. Ich trete auf sie hinzu,\u202c lasse meine H\u00e4nde durch sie fahren. Doch ich sehe meine H\u00e4nde nicht, nur die Spur steht\u202c bewegungslos vor mir, w\u00e4hrend ich mich langsam um sie, durch sie, mit ihr bewege. Gerade eben\u202c noch sind wir uns begegnet, sind miteinander gegangen, haben uns tanzend umkreist, und dabei\u202c diese Spuren im virtuellen Raum hinterlassen \u2013 ohne uns dabei in die Augen schauen zu k\u00f6nnen.\u202c<\/em><\/p>\n<p>&nbsp;<\/p>\n<p style=\"text-align: center;\">Die performative Installation \u201eI SPY WITH MY LITTLE EYE - Duette f\u00fcr einen Kopf und zwei H\u00e4nde\u201c l\u00e4dt das Publikum zu einem besonderen Dialog ohne Sprache zwischen Tanz, Virtual-Reality-Anwendung, Videoprojektion, Lichtinstallation und Live-Sound ein. Ein:e Performer:in, der*die eine Virtual-Reality-Brille tr\u00e4gt, tanzt auf einer von einer Lichtinstallation markierten Tanzfl\u00e4che. In der N\u00e4he zeichnet eine Person aus dem Publikum mit schwungvollen Armbewegungen etwas in die Luft. Obwohl sich die beiden Personen nicht in die Augen sehen k\u00f6nnen, scheinen sie miteinander in Kontakt zu stehen. Sie bewegen sich aufeinander zu, voneinander weg, umeinander herum und f\u00fchren einen Dialog auf der Ebene der Bewegung. Worin besteht ihre unsichtbare Verbindung?<\/p>\n\n\t\t<\/div>\n\t<\/div>\n<div class=\"vc_empty_space\"   style=\"height: 48px\"><span class=\"vc_empty_space_inner\"><\/span><\/div><\/div><\/div><\/div><\/div><\/div><div class=\"vc-row-container container\"><div class=\"vc_row wpb_row vc_row-fluid\"><div class=\"wpb_column vc_column_container vc_col-sm-12\"><div class=\"vc_column-inner\"><div class=\"wpb_wrapper\">\n<div class=\"vc_grid-container-wrapper vc_clearfix vc_grid-animation-fadeIn\">\n\t<div class=\"vc_grid-container vc_clearfix wpb_content_element vc_media_grid\" data-initial-loading-animation=\"fadeIn\" data-vc-grid-settings=\"{&quot;page_id&quot;:5834,&quot;style&quot;:&quot;all&quot;,&quot;action&quot;:&quot;vc_get_vc_grid_data&quot;,&quot;shortcode_id&quot;:&quot;1773829084428-336de066-7b7c-5&quot;,&quot;tag&quot;:&quot;vc_media_grid&quot;}\" data-vc-request=\"https:\/\/vrdanceclub.de\/wp-admin\/admin-ajax.php\" data-vc-post-id=\"5834\" data-vc-public-nonce=\"05fd69de92\">\n\t\t\n\t<\/div>\n<\/div><div class=\"vc_empty_space\"   style=\"height: 48px\"><span class=\"vc_empty_space_inner\"><\/span><\/div><\/div><\/div><\/div><\/div><\/div><div class=\"vc-row-container container\"><div class=\"vc_row wpb_row vc_row-fluid\"><div class=\"wpb_column vc_column_container vc_col-sm-12\"><div class=\"vc_column-inner\"><div class=\"wpb_wrapper\">\n\t<div class=\"wpb_text_column wpb_content_element post-formatting\" >\n\t\t<div class=\"wpb_wrapper\">\n\t\t\t<p style=\"text-align: center;\">In \u201eI SPY WITH MY LITTLE EYE\u201c verbinden sich K\u00f6rper mit (un)sichtbaren Linien, begegnen einer\u202c T\u00e4nzer:in in dynamischen Momenten und tauchen in einen Raum schwebender Skulpturen ein. Die\u202c Virtual Reality Tanz Performance findet in einer Lichtinstallation statt, die \u00fcber mehrere Stunden vom\u202c Publikum von au\u00dfen betrachtet werden kann. Im Zentrum der Installation befindet sich eine\u202c Tanzfl\u00e4che, auf der immer wieder Tanzbegegnungen im Zwischenraum von virtueller und physischer\u202c Realit\u00e4t stattfinden.\u202c Wieviel Vertrauen und gleichzeitig Risikobereitschaft braucht der non-verbale Dialog eines getanzten\u202c Duetts?\u202c Was passiert, wenn f\u00fcr einen Moment \u00e4u\u00dfere Bewertung, soziale Interaktion und Erkl\u00e4rung\u202c `ausgeschaltet\u00b4 werden?\u202c Wie f\u00fchlt es sich an, unmittelbar mit einer gemeinsam erzeugten Bewegungsspur in Ber\u00fchrung zu\u202c kommen?\u202c<\/p>\n<p style=\"text-align: center;\">Besucher:innen k\u00f6nnen sich f\u00fcr die Tanzbegegnungen anmelden. In einem eigenen 20-min\u00fctigen\u202c Performance-Slot werden sie selbst die Tanzfl\u00e4che betreten, eine bewegte Begegnung mit der\u202d T\u00e4nzer:in eingehen und durch verschiedene Phasen immer tiefer in den virtuellen Raum eintauchen.\u202c Im Wechselspiel zwischen gemeinsamen Bewegungen und stillstehenden, raumgreifenden Spuren\u202c l\u00e4dt \u201eI SPY WITH MY LITTLE EYE\u201c zu einem besonderen Dialog ohne Sprache ein \u2013 mit eine:r\u202c Unbekannten und sich selbst.<\/p>\n\n\t\t<\/div>\n\t<\/div>\n<div class=\"vc_empty_space\"   style=\"height: 48px\"><span class=\"vc_empty_space_inner\"><\/span><\/div><\/div><\/div><\/div><\/div><\/div><div class=\"vc-row-container container\"><div class=\"vc_row wpb_row vc_row-fluid\"><div class=\"wpb_column vc_column_container vc_col-sm-12\"><div class=\"vc_column-inner\"><div class=\"wpb_wrapper\">\n\t<div class=\"wpb_raw_code wpb_raw_html wpb_content_element\" >\n\t\t<div class=\"wpb_wrapper\">\n\t\t\t<div style=\"padding:52.73% 0 0 0;position:relative;\"><iframe src=\"https:\/\/player.vimeo.com\/video\/873835658?badge=0&amp;autopause=0&amp;quality_selector=1&amp;player_id=0&amp;app_id=58479\" frameborder=\"0\" allow=\"autoplay; fullscreen; picture-in-picture\" style=\"position:absolute;top:0;left:0;width:100%;height:100%;\" title=\"I SPY WITH MY LITTLE EYE \u2013 Duette f\u00fcr einen Kopf und zwei H\u00e4nde (2022) \u2013 Trailer\"><\/iframe><\/div><script src=\"https:\/\/player.vimeo.com\/api\/player.js\"><\/script>\n\t\t<\/div>\n\t<\/div>\n<div class=\"vc_empty_space\"   style=\"height: 48px\"><span class=\"vc_empty_space_inner\"><\/span><\/div><\/div><\/div><\/div><\/div><\/div><div class=\"vc-row-container container\"><div class=\"vc_row wpb_row vc_row-fluid\"><div class=\"wpb_column vc_column_container vc_col-sm-12\"><div class=\"vc_column-inner\"><div class=\"wpb_wrapper\">\n\t<div class=\"wpb_text_column wpb_content_element post-formatting\" >\n\t\t<div class=\"wpb_wrapper\">\n\t\t\t<h4 style=\"text-align: center;\"><strong>Performances<\/strong><\/h4>\n<p>&nbsp;<\/p>\n<p style=\"text-align: center;\"><span style=\"font-weight: 400;\">30.04.\u201301.05.2022 \u2013 \u201eI SPY WITH MY LITTLE EYE \u2013 Duette f\u00fcr einen Kopf und zwei H\u00e4nde\u201c<\/span><\/p>\n<p style=\"text-align: center;\"><span style=\"font-weight: 400;\">Games Fest, PATHOS THEATER, Munich<\/span><\/p>\n<p>&nbsp;<\/p>\n<p style=\"text-align: center;\"><span style=\"font-weight: 400;\">16.\u201318.07.2022 \u2013 \u201eI SPY WITH MY LITTLE EYE \u2013 Duette f\u00fcr einen Kopf und zwei H\u00e4nde\u201c<\/span><\/p>\n<p style=\"text-align: center;\"><span style=\"font-weight: 400;\">Tanzresidenz, QUARTIER AM HAFEN, Cologne<\/span><\/p>\n<p>&nbsp;<\/p>\n<p style=\"text-align: center;\"><span style=\"font-weight: 400;\">23.\u201325.09.2022 \u2013 \u201eI SPY WITH MY LITTLE EYE \u2013 Duette f\u00fcr einen Kopf und zwei H\u00e4nde\u201c<\/span><\/p>\n<p style=\"text-align: center;\"><span style=\"font-weight: 400;\">Reboot Develop, Sheraton Dubrovnik, Croatia<\/span><\/p>\n<p>&nbsp;<\/p>\n<p style=\"text-align: center;\"><span style=\"font-weight: 400;\">25.\u201327.11.2022 \u2013 \u201eI SPY WITH MY LITTLE EYE \u2013 Duette f\u00fcr einen Kopf und zwei H\u00e4nde\u201c<\/span><\/p>\n<p style=\"text-align: center;\"><span style=\"font-weight: 400;\">Next Level Festival, Zeche Zollverein, Essen<\/span><\/p>\n<p>&nbsp;<\/p>\n<p style=\"text-align: center;\"><span style=\"font-weight: 400;\">21.\u201322.12.2022 \u2013 \u201eI SPY WITH MY LITTLE EYE \u2013 Duette f\u00fcr einen Kopf und zwei H\u00e4nde\u201c<\/span><\/p>\n<p style=\"text-align: center;\"><span style=\"font-weight: 400;\">PATHOS THEATER, Munich<\/span><\/p>\n<p>&nbsp;<\/p>\n<p style=\"text-align: center;\"><span style=\"font-weight: 400;\">05.\u201314.01.2023 \u2013 \u201eI SPY WITH MY LITTLE EYE \u2013 Duette f\u00fcr einen Kopf und zwei H\u00e4nde\u201c<\/span><\/p>\n<p style=\"text-align: center;\"><span style=\"font-weight: 400;\">T<\/span><span style=\"font-weight: 400;\">emps D\u00b4 Images \u2013 Festival f\u00fcr Tanz und Technologie, tanzhaus nrw, Duesseldorf<\/span><\/p>\n<p>&nbsp;<\/p>\n<p style=\"text-align: center;\"><span style=\"font-weight: 400;\">12.05.2023 \u2013 \u201eI SPY WITH MY LITTLE EYE \u2013 Duette f\u00fcr einen Kopf und zwei H\u00e4nde\u201c<\/span><\/p>\n<p style=\"text-align: center;\"><span style=\"font-weight: 400;\">A MAZE BERLIN \u2013 12th International Festival for Games and Playful Media<\/span><\/p>\n<p>&nbsp;<\/p>\n<p style=\"text-align: center;\"><span style=\"font-weight: 400;\">27.\u201328.05.2023 \u2013 \u201eI SPY WITH MY LITTLE EYE \u2013 Duette f\u00fcr einen Kopf und zwei H\u00e4nde\u201c<\/span><\/p>\n<p style=\"text-align: center;\"><span style=\"font-weight: 400;\"> Moovy \u2013 Tanzfilmfestival, Cologne<\/span><\/p>\n<p>&nbsp;<\/p>\n<p style=\"text-align: center;\"><span style=\"font-weight: 400;\">12.\u201313.07.2023 \u2013 \u201eI SPY WITH MY LITTLE EYE \u2013 Duette f\u00fcr einen Kopf und zwei H\u00e4nde\u201c<\/span><\/p>\n<p style=\"text-align: center;\"><span style=\"font-weight: 400;\"> Sommerakademie Alanus Hochschule, Alfter<\/span><\/p>\n<p>&nbsp;<\/p>\n<p style=\"text-align: center;\"><span style=\"font-weight: 400;\">18.\u201320.08.2023 \u2013 \u201eI SPY WITH MY LITTLE EYE \u2013 Duette f\u00fcr einen Kopf und zwei H\u00e4nde\u201c<\/span><\/p>\n<p style=\"text-align: center;\"><span style=\"font-weight: 400;\"> SomaFest \u2013 XR mit allen Sinnen, Cologne Game Lab, Technische Hochschule K\u00f6ln<\/span><\/p>\n<p style=\"text-align: center;\">&#8211;<\/p>\n\n\t\t<\/div>\n\t<\/div>\n<\/div><\/div><\/div><\/div><\/div><div class=\"vc-row-container container\"><div class=\"vc_row wpb_row vc_row-fluid\"><div class=\"wpb_column vc_column_container vc_col-sm-12\"><div class=\"vc_column-inner\"><div class=\"wpb_wrapper\"><div class=\"vc_empty_space\"   style=\"height: 48px\"><span class=\"vc_empty_space_inner\"><\/span><\/div>\n\t<div class=\"wpb_text_column wpb_content_element post-formatting\" >\n\t\t<div class=\"wpb_wrapper\">\n\t\t\t<p style=\"text-align: center;\"><b>Credits<\/b><\/p>\n<p>&nbsp;<\/p>\n<p style=\"text-align: center;\">K\u00fcnstlerische Leitung: Anna-Carolin Weber in Zusammenarbeit mit Tobias Kopka<\/p>\n<p style=\"text-align: center;\">Dramaturgie: Ren\u00e9*e Reith<\/p>\n<p style=\"text-align: center;\">Performance: Helena Miko, Ren\u00e9*e Reith, Anna-Carolin Weber<\/p>\n<p style=\"text-align: center;\">Soundgestaltung &amp; DJing: Philip K\u00fchn<\/p>\n<p style=\"text-align: center;\">Lichtinstallation &amp; -design: Jasper Gather in Kooperation mit Marlon Brodda, Paul F\u00f6rster<\/p>\n<p style=\"text-align: center;\">B\u00fchne und Lichttechnik: Marlon Brodda, Paul F\u00f6rster<\/p>\n<p style=\"text-align: center;\">Technische Leitung Gastspiele: Jasper Gather<\/p>\n<p style=\"text-align: center;\">Virtual Reality Operations: Max Kolb<\/p>\n<p style=\"text-align: center;\">K\u00fcnstlerische Assistenz: Phillip Dittmann<\/p>\n<p style=\"text-align: center;\">Live-Videographie: Alessandro De Matteis<\/p>\n\n\t\t<\/div>\n\t<\/div>\n<div class=\"vc_empty_space\"   style=\"height: 48px\"><span class=\"vc_empty_space_inner\"><\/span><\/div>\n\t<div class=\"wpb_text_column wpb_content_element post-formatting\" >\n\t\t<div class=\"wpb_wrapper\">\n\t\t\t<p style=\"text-align: center;\"><strong>Produktion<\/strong><\/p>\n<p>&nbsp;<\/p>\n<p style=\"text-align: center;\">Die Produktion \u201eI SPY WITH MY LITTLE EYE \u2013 Duette f\u00fcr einen Kopf und zwei H\u00e4nde\u201c (2022) wird gef\u00f6rdert durch die Beauftragte der Bundesregierung f\u00fcr Kultur und Medien im Programm NEUSTART KULTUR, Hilfsprogramm tanz:digital des Dachverband Tanz Deutschland. Mit freundlicher Unterst\u00fctzung des Tanz-Residenz-Programms Quartier am Hafen, Tanztheater Schlebusch, Curatomic und PATHOS M\u00fcnchen.<\/p>\n\n\t\t<\/div>\n\t<\/div>\n<div class=\"vc_empty_space\"   style=\"height: 35px\"><span class=\"vc_empty_space_inner\"><\/span><\/div>\n\t<div class=\"wpb_text_column wpb_content_element post-formatting\" >\n\t\t<div class=\"wpb_wrapper\">\n\t\t\t<div class=\"wpb_text_column wpb_content_element post-formatting\">\n<p style=\"text-align: center;\"><strong>Gastspiele<\/strong><\/p>\n<div class=\"wpb_wrapper\">\n<p>&nbsp;<\/p>\n<p style=\"text-align: center;\">Das Gastspiel \u201eI SPY WITH MY LITTLE EYE \u2013 Virtual Reality Tanz Performance\u201c beim \u201eNext Level Festival 2022\u201c wird gef\u00f6rdert durch das Ministerium f\u00fcr Kultur und Wissenschaft des Landes Nordrhein-Westfalen, nrw landesb\u00fcro tanz und NRW Landesb\u00fcro freie darstellende K\u00fcnste im Sonderprogramm #Gastspiel NRW 2022 und mit Unterst\u00fctzung des NRW KULTURsekretariat.<\/p>\n<\/div>\n<\/div>\n\n\t\t<\/div>\n\t<\/div>\n\n\t<div class=\"wpb_text_column wpb_content_element post-formatting\" >\n\t\t<div class=\"wpb_wrapper\">\n\t\t\t<div class=\"wpb_text_column wpb_content_element post-formatting\">\n<div class=\"wpb_wrapper\">\n<p style=\"text-align: center;\">Das Gastspiel \u201eI SPY WITH MY LITTLE EYE \u2013 Virtual Reality Tanz Performance\u201c im Performance-Programm der \u201eSommerakademie Alfter 2023\u201c wird gef\u00f6rdert durch das Ministerium f\u00fcr Kultur und Wissenschaft des Landes Nordrhein-Westfalen mit der Gastspielf\u00f6rderung von NRW Landesb\u00fcro tanz und NRW Landesb\u00fcro freie darstellende K\u00fcnste.<\/p>\n<\/div>\n<\/div>\n\n\t\t<\/div>\n\t<\/div>\n<div class=\"vc_empty_space\"   style=\"height: 35px\"><span class=\"vc_empty_space_inner\"><\/span><\/div>\n\t<div class=\"wpb_text_column wpb_content_element post-formatting\" >\n\t\t<div class=\"wpb_wrapper\">\n\t\t\t<p style=\"text-align: center;\"><strong>Wiederaufnahmen<\/strong><\/p>\n<p>&nbsp;<\/p>\n<p style=\"text-align: center;\">Die Wiederaufnahme \u201eI SPY WITH MY LITTLE EYE \u2013 Virtual Reality Tanz Begegnungen\u201c (2023) auf Einladung des \u201eTemps D\u00b4Images Festival \u2013 Festival f\u00fcr Tanz und Technologie 2023\u201c, des \u201eMoovy Tanzfilm Festival 2023\u201c und \u201eA MAZE. BERLIN \u2013 12th International Games and Playful Media Festival 2023\u201c wird im Rahmen von NEUSTART KULTUR im Programm #TakeHeart: Wiederaufnahmef\u00f6rderung 2023 des Fonds Darstellende K\u00fcnste gef\u00f6rdert. Mit freundlicher Unterst\u00fctzung durch das \u201eMoovy Tanzfilm Festival 2023\u201c, das \u201eTemps D\u00b4Images Festival \u2013 Festival f\u00fcr Tanz und Technologie 2023\u201c und das tanzhaus nrw.<\/p>\n\n\t\t<\/div>\n\t<\/div>\n\n\t<div class=\"wpb_text_column wpb_content_element post-formatting\" >\n\t\t<div class=\"wpb_wrapper\">\n\t\t\t<p style=\"text-align: center;\">Die Wiederaufnahme von \u201eI SPY WITH MY LITTLE EYE \u2013 Duette f\u00fcr einen Kopf und zwei H\u00e4nde\u201c beim \u201eSomaFest 2023\u201c wird unterst\u00fctzt von Curatomic, Tanztheater Schlebusch und \u201eSomaFest \u2013 XR mit allen Sinnen\u201c, einer Initiative des Cologne Game Lab der TH K\u00f6ln.<\/p>\n\n\t\t<\/div>\n\t<\/div>\n<\/div><\/div><\/div><\/div><\/div>\n<\/div>","protected":false},"excerpt":{"rendered":"I SPY WITH MY LITTLE EYEDUETS FOR ONE HEAD AND TWO HANDS (2022) Darkness. A drawing floats weightlessly in the space in front of me: traces of an encounter we had danced together moments ago. The drawing glows disembodied in the blackness. Glowing traces that stand before me in arcs, waves, curves in space. I&hellip;","protected":false},"author":1,"featured_media":5996,"parent":0,"menu_order":0,"comment_status":"closed","ping_status":"closed","template":"","meta":{"_acf_changed":false,"footnotes":""},"class_list":["post-5834","page","type-page","status-publish","has-post-thumbnail","hentry"],"acf":[],"yoast_head":"<!-- This site is optimized with the Yoast SEO plugin v27.3 - https:\/\/yoast.com\/product\/yoast-seo-wordpress\/ -->\n<title>I Spy With My Little Eye - VR Dance Club<\/title>\n<meta name=\"description\" content=\"In &quot;I SPY WITH MY LITTLE EYE&quot; bodies connect with invisible lines, meet a dancer in dynamic moments and immerse themselves in a space of floating sculptures.\" \/>\n<meta name=\"robots\" content=\"index, follow, max-snippet:-1, max-image-preview:large, max-video-preview:-1\" \/>\n<link rel=\"canonical\" href=\"https:\/\/vrdanceclub.de\/de\/about-i-spy\/\" \/>\n<meta property=\"og:locale\" content=\"de_DE\" \/>\n<meta property=\"og:type\" content=\"article\" \/>\n<meta property=\"og:title\" content=\"I Spy With My Little Eye - VR Dance Club\" \/>\n<meta property=\"og:description\" content=\"In &quot;I SPY WITH MY LITTLE EYE&quot; bodies connect with invisible lines, meet a dancer in dynamic moments and immerse themselves in a space of floating sculptures.\" \/>\n<meta property=\"og:url\" content=\"https:\/\/vrdanceclub.de\/de\/about-i-spy\/\" \/>\n<meta property=\"og:site_name\" content=\"VR Dance Club\" \/>\n<meta property=\"article:modified_time\" content=\"2026-03-18T10:19:16+00:00\" \/>\n<meta property=\"og:image\" content=\"https:\/\/vrdanceclub.de\/wp-content\/uploads\/ispydoc\/Website%20Media\/01_I-SPY_Credit_Alessandro-De-Matteis.jpg\" \/>\n\t<meta property=\"og:image:width\" content=\"1181\" \/>\n\t<meta property=\"og:image:height\" content=\"788\" \/>\n\t<meta property=\"og:image:type\" content=\"image\/jpeg\" \/>\n<meta name=\"twitter:card\" content=\"summary_large_image\" \/>\n<meta name=\"twitter:label1\" content=\"Gesch\u00e4tzte Lesezeit\" \/>\n\t<meta name=\"twitter:data1\" content=\"6\u00a0Minuten\" \/>\n<script type=\"application\/ld+json\" class=\"yoast-schema-graph\">{\"@context\":\"https:\\\/\\\/schema.org\",\"@graph\":[{\"@type\":\"WebPage\",\"@id\":\"https:\\\/\\\/vrdanceclub.de\\\/about-i-spy\\\/\",\"url\":\"https:\\\/\\\/vrdanceclub.de\\\/about-i-spy\\\/\",\"name\":\"I Spy With My Little Eye - VR Dance Club\",\"isPartOf\":{\"@id\":\"https:\\\/\\\/vrdanceclub.de\\\/de\\\/#website\"},\"primaryImageOfPage\":{\"@id\":\"https:\\\/\\\/vrdanceclub.de\\\/about-i-spy\\\/#primaryimage\"},\"image\":{\"@id\":\"https:\\\/\\\/vrdanceclub.de\\\/about-i-spy\\\/#primaryimage\"},\"thumbnailUrl\":\"https:\\\/\\\/vrdanceclub.de\\\/wp-content\\\/uploads\\\/ispydoc\\\/Website Media\\\/01_I-SPY_Credit_Alessandro-De-Matteis.jpg\",\"datePublished\":\"2023-04-30T18:07:26+00:00\",\"dateModified\":\"2026-03-18T10:19:16+00:00\",\"description\":\"In \\\"I SPY WITH MY LITTLE EYE\\\" bodies connect with invisible lines, meet a dancer in dynamic moments and immerse themselves in a space of floating sculptures.\",\"breadcrumb\":{\"@id\":\"https:\\\/\\\/vrdanceclub.de\\\/about-i-spy\\\/#breadcrumb\"},\"inLanguage\":\"de\",\"potentialAction\":[{\"@type\":\"ReadAction\",\"target\":[\"https:\\\/\\\/vrdanceclub.de\\\/about-i-spy\\\/\"]}]},{\"@type\":\"ImageObject\",\"inLanguage\":\"de\",\"@id\":\"https:\\\/\\\/vrdanceclub.de\\\/about-i-spy\\\/#primaryimage\",\"url\":\"https:\\\/\\\/vrdanceclub.de\\\/wp-content\\\/uploads\\\/ispydoc\\\/Website Media\\\/01_I-SPY_Credit_Alessandro-De-Matteis.jpg\",\"contentUrl\":\"https:\\\/\\\/vrdanceclub.de\\\/wp-content\\\/uploads\\\/ispydoc\\\/Website Media\\\/01_I-SPY_Credit_Alessandro-De-Matteis.jpg\",\"width\":1181,\"height\":788},{\"@type\":\"BreadcrumbList\",\"@id\":\"https:\\\/\\\/vrdanceclub.de\\\/about-i-spy\\\/#breadcrumb\",\"itemListElement\":[{\"@type\":\"ListItem\",\"position\":1,\"name\":\"Home\",\"item\":\"https:\\\/\\\/vrdanceclub.de\\\/\"},{\"@type\":\"ListItem\",\"position\":2,\"name\":\"I Spy With My Little Eye\"}]},{\"@type\":\"WebSite\",\"@id\":\"https:\\\/\\\/vrdanceclub.de\\\/de\\\/#website\",\"url\":\"https:\\\/\\\/vrdanceclub.de\\\/de\\\/\",\"name\":\"VR Dance Club\",\"description\":\"Connecting Humans via Dance &amp; Technology\",\"publisher\":{\"@id\":\"https:\\\/\\\/vrdanceclub.de\\\/de\\\/#organization\"},\"alternateName\":\"VRDCL\",\"potentialAction\":[{\"@type\":\"SearchAction\",\"target\":{\"@type\":\"EntryPoint\",\"urlTemplate\":\"https:\\\/\\\/vrdanceclub.de\\\/de\\\/?s={search_term_string}\"},\"query-input\":{\"@type\":\"PropertyValueSpecification\",\"valueRequired\":true,\"valueName\":\"search_term_string\"}}],\"inLanguage\":\"de\"},{\"@type\":\"Organization\",\"@id\":\"https:\\\/\\\/vrdanceclub.de\\\/de\\\/#organization\",\"name\":\"VR Dance Club\",\"alternateName\":\"VRDCL\",\"url\":\"https:\\\/\\\/vrdanceclub.de\\\/de\\\/\",\"logo\":{\"@type\":\"ImageObject\",\"inLanguage\":\"de\",\"@id\":\"https:\\\/\\\/vrdanceclub.de\\\/de\\\/#\\\/schema\\\/logo\\\/image\\\/\",\"url\":\"https:\\\/\\\/vrdanceclub.de\\\/wp-content\\\/uploads\\\/2025\\\/07\\\/VRDanceClub_Logo_Final_Logo1_schwarz.svg\",\"contentUrl\":\"https:\\\/\\\/vrdanceclub.de\\\/wp-content\\\/uploads\\\/2025\\\/07\\\/VRDanceClub_Logo_Final_Logo1_schwarz.svg\",\"width\":226,\"height\":86,\"caption\":\"VR Dance Club\"},\"image\":{\"@id\":\"https:\\\/\\\/vrdanceclub.de\\\/de\\\/#\\\/schema\\\/logo\\\/image\\\/\"},\"sameAs\":[\"https:\\\/\\\/www.instagram.com\\\/vrdanceclub\\\/\"]}]}<\/script>\n<!-- \/ Yoast SEO plugin. -->","yoast_head_json":{"title":"I Spy With My Little Eye - VR Dance Club","description":"In \"I SPY WITH MY LITTLE EYE\" bodies connect with invisible lines, meet a dancer in dynamic moments and immerse themselves in a space of floating sculptures.","robots":{"index":"index","follow":"follow","max-snippet":"max-snippet:-1","max-image-preview":"max-image-preview:large","max-video-preview":"max-video-preview:-1"},"canonical":"https:\/\/vrdanceclub.de\/de\/about-i-spy\/","og_locale":"de_DE","og_type":"article","og_title":"I Spy With My Little Eye - VR Dance Club","og_description":"In \"I SPY WITH MY LITTLE EYE\" bodies connect with invisible lines, meet a dancer in dynamic moments and immerse themselves in a space of floating sculptures.","og_url":"https:\/\/vrdanceclub.de\/de\/about-i-spy\/","og_site_name":"VR Dance Club","article_modified_time":"2026-03-18T10:19:16+00:00","og_image":[{"width":1181,"height":788,"url":"https:\/\/vrdanceclub.de\/wp-content\/uploads\/ispydoc\/Website Media\/01_I-SPY_Credit_Alessandro-De-Matteis.jpg","type":"image\/jpeg"}],"twitter_card":"summary_large_image","twitter_misc":{"Gesch\u00e4tzte Lesezeit":"6\u00a0Minuten"},"schema":{"@context":"https:\/\/schema.org","@graph":[{"@type":"WebPage","@id":"https:\/\/vrdanceclub.de\/about-i-spy\/","url":"https:\/\/vrdanceclub.de\/about-i-spy\/","name":"I Spy With My Little Eye - VR Dance Club","isPartOf":{"@id":"https:\/\/vrdanceclub.de\/de\/#website"},"primaryImageOfPage":{"@id":"https:\/\/vrdanceclub.de\/about-i-spy\/#primaryimage"},"image":{"@id":"https:\/\/vrdanceclub.de\/about-i-spy\/#primaryimage"},"thumbnailUrl":"https:\/\/vrdanceclub.de\/wp-content\/uploads\/ispydoc\/Website Media\/01_I-SPY_Credit_Alessandro-De-Matteis.jpg","datePublished":"2023-04-30T18:07:26+00:00","dateModified":"2026-03-18T10:19:16+00:00","description":"In \"I SPY WITH MY LITTLE EYE\" bodies connect with invisible lines, meet a dancer in dynamic moments and immerse themselves in a space of floating sculptures.","breadcrumb":{"@id":"https:\/\/vrdanceclub.de\/about-i-spy\/#breadcrumb"},"inLanguage":"de","potentialAction":[{"@type":"ReadAction","target":["https:\/\/vrdanceclub.de\/about-i-spy\/"]}]},{"@type":"ImageObject","inLanguage":"de","@id":"https:\/\/vrdanceclub.de\/about-i-spy\/#primaryimage","url":"https:\/\/vrdanceclub.de\/wp-content\/uploads\/ispydoc\/Website Media\/01_I-SPY_Credit_Alessandro-De-Matteis.jpg","contentUrl":"https:\/\/vrdanceclub.de\/wp-content\/uploads\/ispydoc\/Website Media\/01_I-SPY_Credit_Alessandro-De-Matteis.jpg","width":1181,"height":788},{"@type":"BreadcrumbList","@id":"https:\/\/vrdanceclub.de\/about-i-spy\/#breadcrumb","itemListElement":[{"@type":"ListItem","position":1,"name":"Home","item":"https:\/\/vrdanceclub.de\/"},{"@type":"ListItem","position":2,"name":"I Spy With My Little Eye"}]},{"@type":"WebSite","@id":"https:\/\/vrdanceclub.de\/de\/#website","url":"https:\/\/vrdanceclub.de\/de\/","name":"VR Dance Club","description":"Connecting Humans via Dance &amp; Technology","publisher":{"@id":"https:\/\/vrdanceclub.de\/de\/#organization"},"alternateName":"VRDCL","potentialAction":[{"@type":"SearchAction","target":{"@type":"EntryPoint","urlTemplate":"https:\/\/vrdanceclub.de\/de\/?s={search_term_string}"},"query-input":{"@type":"PropertyValueSpecification","valueRequired":true,"valueName":"search_term_string"}}],"inLanguage":"de"},{"@type":"Organization","@id":"https:\/\/vrdanceclub.de\/de\/#organization","name":"VR Dance Club","alternateName":"VRDCL","url":"https:\/\/vrdanceclub.de\/de\/","logo":{"@type":"ImageObject","inLanguage":"de","@id":"https:\/\/vrdanceclub.de\/de\/#\/schema\/logo\/image\/","url":"https:\/\/vrdanceclub.de\/wp-content\/uploads\/2025\/07\/VRDanceClub_Logo_Final_Logo1_schwarz.svg","contentUrl":"https:\/\/vrdanceclub.de\/wp-content\/uploads\/2025\/07\/VRDanceClub_Logo_Final_Logo1_schwarz.svg","width":226,"height":86,"caption":"VR Dance Club"},"image":{"@id":"https:\/\/vrdanceclub.de\/de\/#\/schema\/logo\/image\/"},"sameAs":["https:\/\/www.instagram.com\/vrdanceclub\/"]}]}},"_links":{"self":[{"href":"https:\/\/vrdanceclub.de\/de\/wp-json\/wp\/v2\/pages\/5834","targetHints":{"allow":["GET"]}}],"collection":[{"href":"https:\/\/vrdanceclub.de\/de\/wp-json\/wp\/v2\/pages"}],"about":[{"href":"https:\/\/vrdanceclub.de\/de\/wp-json\/wp\/v2\/types\/page"}],"author":[{"embeddable":true,"href":"https:\/\/vrdanceclub.de\/de\/wp-json\/wp\/v2\/users\/1"}],"replies":[{"embeddable":true,"href":"https:\/\/vrdanceclub.de\/de\/wp-json\/wp\/v2\/comments?post=5834"}],"version-history":[{"count":3,"href":"https:\/\/vrdanceclub.de\/de\/wp-json\/wp\/v2\/pages\/5834\/revisions"}],"predecessor-version":[{"id":8574,"href":"https:\/\/vrdanceclub.de\/de\/wp-json\/wp\/v2\/pages\/5834\/revisions\/8574"}],"wp:featuredmedia":[{"embeddable":true,"href":"https:\/\/vrdanceclub.de\/de\/wp-json\/wp\/v2\/media\/5996"}],"wp:attachment":[{"href":"https:\/\/vrdanceclub.de\/de\/wp-json\/wp\/v2\/media?parent=5834"}],"curies":[{"name":"wp","href":"https:\/\/api.w.org\/{rel}","templated":true}]}}